{"id":188,"date":"2022-05-25T19:27:30","date_gmt":"2022-05-25T19:27:30","guid":{"rendered":"https:\/\/discern.erasmus.site\/?page_id=188"},"modified":"2022-09-06T19:50:34","modified_gmt":"2022-09-06T19:50:34","slug":"partnership","status":"publish","type":"page","link":"https:\/\/discern.erasmus.site\/sk\/partnership\/","title":{"rendered":"Partnerstvo"},"content":{"rendered":"<p><\/p>\n<h3 style=\"text-align: center;\"><img fetchpriority=\"high\" decoding=\"async\" class=\"size-medium wp-image-173 aligncenter\" src=\"https:\/\/discern.erasmus.site\/wp-content\/uploads\/2022\/05\/ccibn-300x300.png\" alt=\"\" width=\"300\" height=\"300\" srcset=\"https:\/\/discern.erasmus.site\/wp-content\/uploads\/2022\/05\/ccibn.png 300w, https:\/\/discern.erasmus.site\/wp-content\/uploads\/2022\/05\/ccibn-150x150.png 150w\" sizes=\"(max-width: 300px) 100vw, 300px\" \/><br \/>\nCamera de Comert si Industrie Bistrita Nasaud \u2013 \u00a0Romunija (CCI BN). \u2013 Koordinator projekta<\/h3>\n<p>Gospodarska in industrijska zbornica Bistrita Nasaud (CCI BN) je neodvisna, prostovoljna, neprofitna zveza podjetij v okraju Bistrita Nasaud. Ustanovljena je bila septembra 1990, danes pa ima ve\u010d kot 280 v\u010dlanjenih podjetij vseh vrst in oblik. Podjetja, ki so v\u010dlanjena v CCI BN, prispevajo 80 % bruto dodane vrednosti gospodarstvu Bistrita Nasaud in generirajo 2\/3 prodaje na tujih trgih. CCI BN je idealni lokalni partner za tuje investitorje in poslovne strokovnjake, ki jih zanima severno-zahodna regija.<\/p>\n<p>V svojih 31 letih je Zbornica utrdila svoj polo\u017eaj v gospodarskem okolju okraja kot za gospodarski trg uporabna in nujna institucija, ki aktivno izkazuje svojo vodilno vlogo s svojim pristopom v disruptivnem obdobju z namenom pove\u010danja lokalne odpornosti.<\/p>\n<p>Da bi se spoprijela z digitalno transformacijo in kro\u017enim gospodarstvom, je CCI BN postala ustanoviteljica vozli\u0161\u010da za digitalno inovacijo za dru\u017ebo (Digital Innovation Hub for Society) in \u010dlan CLEMS Cluster, ki razvija specifi\u010dne ukrepe za lokalne poslovne skupnosti.<\/p>\n<p>CCI BN svojim \u010dlanom nudi \u0161irok izobra\u017eevalni portfolio, veliko izmed teh programov usposabljanja je rezultat razli\u010dnih projektnih konzorcijev. CCI BN nudi tehni\u010dno znanje pri strate\u0161kem na\u010drtovanju, kro\u017enem gospodarstvu, digitalni transformaciji in razli\u010dnih drugih programih poklicnega izobra\u017eevanja in izobra\u017eevanja za odrasle v skladu z dr\u017eavno zakonodajo.<\/p>\n<p>CCI BN gosti \u00bbTechnical Information Center\u00ab in nudi storitve OSIM na lokalnem, regionalnem in nacionalnem nivoju.<\/p>\n<p>CCI BN je vklju\u010den v \u0161irok spekter projektov na nacionalnem, \u010dezmejnem, transnacionalnem in EU nivoju. V zadnjih 3 letih je CCI BN sodeloval (vodil) veliko projektov v sklopu Structural instruments, Erasmus+ in Interreg.<\/p>\n<p>Spletna stran: <a href=\"http:\/\/www.cciabn.ro\" target=\"_blank\" rel=\"noopener\">www.cciabn.ro<\/a><\/p>\n<hr \/>\n<h3 style=\"text-align: center;\"><img decoding=\"async\" class=\"alignnone wp-image-165 size-medium\" src=\"https:\/\/discern.erasmus.site\/wp-content\/uploads\/2022\/05\/mecb-300x300.png\" alt=\"\" width=\"300\" height=\"300\" srcset=\"https:\/\/discern.erasmus.site\/wp-content\/uploads\/2022\/05\/mecb.png 300w, https:\/\/discern.erasmus.site\/wp-content\/uploads\/2022\/05\/mecb-150x150.png 150w\" sizes=\"(max-width: 300px) 100vw, 300px\" \/><br \/>\nMacdac Engineering Consultancy Bureau Ltd. \u2013 Malta (MECB)<\/h3>\n<p>MECB Ltd je zasebno podjetje s sede\u017eem na Malti, ki je namenjeno spodbujanju odli\u010dnosti in inovacij preko partnerskih projektov, izobra\u017eevanja in storitev tehni\u010dne podpore. MECB nudi svojim strankam ter partnerjem v EU konzorcijih tehni\u010dno znanje na razli\u010dnih podro\u010djih, vklju\u010dno z: in\u017eenirstvom, IKT, eU\u010denje, trajnostno\/kro\u017eno gospodarstvo, ustvarjalnost in inovacije, industrija 4.0, STEM izobra\u017eevanje in tudi poklicno izobra\u017eevanje in usposabljanje za odrasle. Poklicni status MECB-ja je razviden iz \u010dlanstva v gospodarski in industrijski zbornici, prav tako je podjetje \u010dlan EU koalicije za digitalne spretnosti in delovna mesta zaradi doprinosa, ki ga redno ustvarja na podro\u010dju razvoja in prevzemanja digitalnih tehnologiji po celotni Evropi. 23 uslu\u017ebencev MECB-ja ima neposredne izku\u0161nje pri sodelovanju v vrsti EU projektov in razpisov, vklju\u010dno z \u00a0Erasmus+, EEA, LLP Grundtvig, Leonardo da Vinci, FP6\/7 &amp; H2020.<\/p>\n<p>Spletna stran: <a href=\"http:\/\/www.eumecb.com\" target=\"_blank\" rel=\"noopener\">www.eumecb.com<\/a><\/p>\n<hr \/>\n<h3 style=\"text-align: center;\"><img decoding=\"async\" class=\"alignnone wp-image-169 size-medium\" src=\"https:\/\/discern.erasmus.site\/wp-content\/uploads\/2022\/05\/lousada-300x300.png\" alt=\"\" width=\"300\" height=\"300\" srcset=\"https:\/\/discern.erasmus.site\/wp-content\/uploads\/2022\/05\/lousada.png 300w, https:\/\/discern.erasmus.site\/wp-content\/uploads\/2022\/05\/lousada-150x150.png 150w\" sizes=\"(max-width: 300px) 100vw, 300px\" \/><br \/>\nMunicipio de Lousada \u2013 Portugalska<\/h3>\n<p>Ob\u010dina Lousanda je institucija lokalne javne administracije. Njen namen je prizadevanje za interese prebivalstva na ozemlju Lousade. Misija ob\u010dine je opredeliti vodilne strategije in izvr\u0161iti izhajajo\u010de politike za trajnostni razvoj ob\u010dine, ki pripomorejo k ve\u010dji konkuren\u010dnosti te na lokalnem, regionalnem in nacionalnem nivoju, preko ukrepov in programov na razli\u010dnih podro\u010djih kompetenc ob\u010dine in spodbujanja kvalitete \u017eivljenja svojih ob\u010danov in zagotavljanja visokih standardov kakovostnih storitev.<\/p>\n<p>Spletna stran: <a href=\"http:\/\/www.cm-lousada.pt\" target=\"_blank\" rel=\"noopener\">www.cm-lousada.pt<\/a><\/p>\n<hr \/>\n<h3 style=\"text-align: center;\"><img loading=\"lazy\" decoding=\"async\" class=\"alignnone wp-image-161 size-medium\" src=\"https:\/\/discern.erasmus.site\/wp-content\/uploads\/2022\/05\/rovira-300x300.png\" alt=\"\" width=\"300\" height=\"300\" srcset=\"https:\/\/discern.erasmus.site\/wp-content\/uploads\/2022\/05\/rovira.png 300w, https:\/\/discern.erasmus.site\/wp-content\/uploads\/2022\/05\/rovira-150x150.png 150w\" sizes=\"(max-width: 300px) 100vw, 300px\" \/><br \/>\nUniversitat Rovira i Virgili \u2013 \u0160panija (URV)<\/h3>\n<p>Univerza Rovira i Virgili (URV) je javna univerza, ustanovljena leta 1991 s strani katalonskega parlamenta. Nahaja se v ju\u017eni Kataloniji, kjer je razvila ve\u010d-centri\u010dno strukturo s \u0161estimi kampusi. URV sestavlja 12 fakultet in \u0161ol s 24 oddelki, ima skoraj 1.000 akademskih delavcev v ekvivalentu polnega delovnega \u010dasa in vsako leto sprejme 12.000 dodiplomskih \u0161tudentov, 2.000 podiplomskih \u0161tudentov in 1.000 doktorskih \u0161tudentov (polovica je polno zaposlenih), hkrati pa zaposluje 640 administrativnih in storitvenih delavcev. URV je z vidika raziskav, razvoja in inovacij v mednarodnem prostoru v dobrem polo\u017eaju. Zahvaljujo\u010d konkuren\u010dnosti osebja je dosegla dobre rezultate tako v kvantitativnem kot kvalitativnem smislu svojih publikacij in je v dobrem polo\u017eaju med mladimi univerzami na svetu. Dolgoro\u010dno sodelovanje URV-ja z industrijo vklju\u010duje tako raziskovalne programe kot razvojne programe \u010dlove\u0161kega kapitala, ki so relevantni za potrebe industrije. Industrijsko osredoto\u010den model je usmerjen v pove\u010danje kapacitet upravljanja, produktivnosti, konkuren\u010dnosti in inovacij podjetij, tako majhnih kot velikih.<\/p>\n<p>Spletna stran: <a href=\"https:\/\/www.urv.cat\/en\/\" target=\"_blank\" rel=\"noopener\">www.urv.cat<\/a><\/p>\n<hr \/>\n<h3 style=\"text-align: center;\"><img loading=\"lazy\" decoding=\"async\" class=\"alignnone wp-image-157 size-medium\" src=\"https:\/\/discern.erasmus.site\/wp-content\/uploads\/2022\/05\/mariboru-300x300.png\" alt=\"\" width=\"300\" height=\"300\" srcset=\"https:\/\/discern.erasmus.site\/wp-content\/uploads\/2022\/05\/mariboru.png 300w, https:\/\/discern.erasmus.site\/wp-content\/uploads\/2022\/05\/mariboru-150x150.png 150w\" sizes=\"(max-width: 300px) 100vw, 300px\" \/><br \/>\nUniverza v Mariboru \u2013 Slovenija (UM)<\/h3>\n<p>Univerza v Mariboru je druga najve\u010dja in druga najstarej\u0161a univerza v Sloveniji, kjer \u0161tudira pribli\u017eno 15.000 \u0161tudentov na 17 razli\u010dnih fakultetah. Ena izmed fakultet je Filozofska fakulteta, kjer se nahaja Mednarodni center za ekoremediacije (ERM center). Filozofska fakulteta (www.ff.um.si) nudi 12 razli\u010dnih \u0161tudijskih programov, ki pokrivajo tri razli\u010dna \u0161tudijska podro\u010dja: humanistika, dru\u017eboslovje in izobra\u017eevalne vede. ERM center je aplikativni raziskovalni center, ki se ukvarja s trajnostnim regionalnim razvojem, upravljanjem naravnih virov, kro\u017enim gospodarstvom, prepre\u010devanjem onesna\u017eevanja in degradacije, prilagoditvijo na podnebne spremembe in zmanj\u0161evanjem njihovih posledic, okoljevarstvenim izobra\u017eevanjem in ustvarjanjem zelenih delovnih mest. Glavni cilj ERM centra je implementacija trajnostnih praks za pove\u010danje okoljske in dru\u017ebene odgovornosti. Pri tem ERM center uspe\u0161no sodeluje s podjetji, ob\u010dinami, razvojnimi agencijami, izobra\u017eevalnimi ustanovami in drugimi partnerji na nacionalni, evropski in medcelinski ravni. \u010clani ERM centra so prejeli nacionalne nagrade za dru\u017ebeno odgovornost, za najbolj\u0161e raziskovalce in za najbolj\u0161o znanstveno komunikacijo. So tudi \u010dlani strokovnih skupin Ministrstva za kmetijstvo in Ministrstva za izobra\u017eevanje.<\/p>\n<p>Spletna stran: <a href=\"http:\/\/www.um.si\" target=\"_blank\" rel=\"noopener\">www.um.si<\/a><\/p>\n<hr \/>\n<h3 style=\"text-align: center;\"><img loading=\"lazy\" decoding=\"async\" class=\"alignnone wp-image-153 size-medium\" src=\"https:\/\/discern.erasmus.site\/wp-content\/uploads\/2022\/05\/danmar-300x300.png\" alt=\"\" width=\"300\" height=\"300\" srcset=\"https:\/\/discern.erasmus.site\/wp-content\/uploads\/2022\/05\/danmar.png 300w, https:\/\/discern.erasmus.site\/wp-content\/uploads\/2022\/05\/danmar-150x150.png 150w\" sizes=\"(max-width: 300px) 100vw, 300px\" \/><br \/>\nDanmar Computers \u2013 Poljska (DANMAR)<\/h3>\n<p>Danmar Computers LLC je zasebno podjetje, ki deluje na podro\u010dju informacijskih tehnologij in nudi poklicno izobra\u017eevanje na tem podro\u010dju. Danmar ima veliko izku\u0161enj pri razvoju modernih spletnih in mobilnih aplikacij, ki se uporabljajo za izobra\u017eevalne namene. Danmar ima prav tako dolgoletne izku\u0161nje pri realizaciji evropskih projektov, v okviru katerih osebje izvaja raziskave in razvija ter pripravlja programe, prilagojene za potrebe razli\u010dnih udele\u017eencev. V zadnjih 15 letih je Danmar uspe\u0161no implementiral ve\u010d kot 50 projektov v okviru programov Grundtvig, Leonardo da Vinci, Progress in pred kratkim Erasmus+. Danmar Computers je razvijalec in ponudnik platforme AdminProject, spletnega sistema za upravljanje evropskih projektov. Vse aktivnosti podjetja so osnovane na \u0161ir\u0161i in ustaljeni mre\u017ei za sodelovanje, tako na nacionalnem kot na mednarodnem nivoju. Nacionalna mre\u017ea vklju\u010duje izobra\u017eevanje in svetovanje institucijam, univerzam, \u0161olam, nevladnim organizacijam in tudi podjetjem v zasebnem sektorju. Mednarodna mre\u017ea vklju\u010duje partnerje z razli\u010dnimi profili, ki prihajajo iz vseh dr\u017eav \u010dlanic Evropske unije. Misija podjetja Danmar Computer je spodbujanje vse\u017eivljenjskega izobra\u017eevanja in zagotavljanje enakega dostopa do izobra\u017eevanja za vse preko uporabe moderne tehnologije.<\/p>\n<p>Spletna stran: <a href=\"https:\/\/danmar-computers.com.pl\/en\/\" target=\"_blank\" rel=\"noopener\">www.danmar-computers.com.pl<\/a><\/p>","protected":false},"excerpt":{"rendered":"<p>Camera de Comert si Industrie Bistrita Nasaud \u2013 \u00a0Romunija (CCI BN). \u2013 Koordinator projekta Gospodarska in industrijska zbornica Bistrita Nasaud (CCI BN) je neodvisna, prostovoljna, neprofitna zveza podjetij v okraju Bistrita Nasaud. Ustanovljena je bila septembra 1990, danes pa ima ve\u010d kot 280 v\u010dlanjenih podjetij vseh vrst in oblik. Podjetja, ki so v\u010dlanjena v CCI&hellip;&nbsp;<\/p>\n","protected":false},"author":1,"featured_media":0,"parent":0,"menu_order":0,"comment_status":"closed","ping_status":"closed","template":"","meta":{"neve_meta_sidebar":"","neve_meta_container":"","neve_meta_enable_content_width":"off","neve_meta_content_width":100,"neve_meta_title_alignment":"","neve_meta_author_avatar":"","neve_post_elements_order":"","neve_meta_disable_header":"","neve_meta_disable_footer":"","neve_meta_disable_title":"","footnotes":""},"class_list":["post-188","page","type-page","status-publish","hentry"],"_links":{"self":[{"href":"https:\/\/discern.erasmus.site\/sk\/wp-json\/wp\/v2\/pages\/188","targetHints":{"allow":["GET"]}}],"collection":[{"href":"https:\/\/discern.erasmus.site\/sk\/wp-json\/wp\/v2\/pages"}],"about":[{"href":"https:\/\/discern.erasmus.site\/sk\/wp-json\/wp\/v2\/types\/page"}],"author":[{"embeddable":true,"href":"https:\/\/discern.erasmus.site\/sk\/wp-json\/wp\/v2\/users\/1"}],"replies":[{"embeddable":true,"href":"https:\/\/discern.erasmus.site\/sk\/wp-json\/wp\/v2\/comments?post=188"}],"version-history":[{"count":10,"href":"https:\/\/discern.erasmus.site\/sk\/wp-json\/wp\/v2\/pages\/188\/revisions"}],"predecessor-version":[{"id":365,"href":"https:\/\/discern.erasmus.site\/sk\/wp-json\/wp\/v2\/pages\/188\/revisions\/365"}],"wp:attachment":[{"href":"https:\/\/discern.erasmus.site\/sk\/wp-json\/wp\/v2\/media?parent=188"}],"curies":[{"name":"wp","href":"https:\/\/api.w.org\/{rel}","templated":true}]}}