{"id":101,"date":"2022-05-25T18:49:10","date_gmt":"2022-05-25T18:49:10","guid":{"rendered":"https:\/\/discern.erasmus.site\/?page_id=101"},"modified":"2022-09-06T19:53:30","modified_gmt":"2022-09-06T19:53:30","slug":"about-the-project","status":"publish","type":"page","link":"https:\/\/discern.erasmus.site\/sk\/about-the-project\/","title":{"rendered":"O projektu"},"content":{"rendered":"\t\t<div data-elementor-type=\"wp-page\" data-elementor-id=\"101\" class=\"elementor elementor-101\">\n\t\t\t\t\t\t<section class=\"elementor-section elementor-top-section elementor-element elementor-element-e41f857 elementor-section-height-min-height elementor-section-boxed elementor-section-height-default elementor-section-items-middle\" data-id=\"e41f857\" data-element_type=\"section\" data-e-type=\"section\">\n\t\t\t\t\t\t<div class=\"elementor-container elementor-column-gap-default\">\n\t\t\t\t\t<div class=\"elementor-column elementor-col-50 elementor-top-column elementor-element elementor-element-a25662d\" data-id=\"a25662d\" data-element_type=\"column\" data-e-type=\"column\">\n\t\t\t<div class=\"elementor-widget-wrap elementor-element-populated\">\n\t\t\t\t\t\t<div class=\"elementor-element elementor-element-c3b2c50 elementor-widget elementor-widget-image\" data-id=\"c3b2c50\" data-element_type=\"widget\" data-e-type=\"widget\" data-widget_type=\"image.default\">\n\t\t\t\t<div class=\"elementor-widget-container\">\n\t\t\t\t\t\t\t\t\t\t\t\t\t\t\t<img fetchpriority=\"high\" decoding=\"async\" width=\"1024\" height=\"321\" src=\"https:\/\/discern.erasmus.site\/wp-content\/uploads\/2022\/05\/DISCERN_Logo-1024x321.png\" class=\"elementor-animation-pop attachment-large size-large wp-image-14\" alt=\"\" srcset=\"https:\/\/discern.erasmus.site\/wp-content\/uploads\/2022\/05\/DISCERN_Logo-1024x321.png 1024w, https:\/\/discern.erasmus.site\/wp-content\/uploads\/2022\/05\/DISCERN_Logo-300x94.png 300w, https:\/\/discern.erasmus.site\/wp-content\/uploads\/2022\/05\/DISCERN_Logo-768x241.png 768w, https:\/\/discern.erasmus.site\/wp-content\/uploads\/2022\/05\/DISCERN_Logo-1536x482.png 1536w, https:\/\/discern.erasmus.site\/wp-content\/uploads\/2022\/05\/DISCERN_Logo.png 1840w\" sizes=\"(max-width: 1024px) 100vw, 1024px\" \/>\t\t\t\t\t\t\t\t\t\t\t\t\t\t\t<\/div>\n\t\t\t\t<\/div>\n\t\t\t\t\t<\/div>\n\t\t<\/div>\n\t\t\t\t<div class=\"elementor-column elementor-col-50 elementor-top-column elementor-element elementor-element-0dd3b29\" data-id=\"0dd3b29\" data-element_type=\"column\" data-e-type=\"column\">\n\t\t\t<div class=\"elementor-widget-wrap elementor-element-populated\">\n\t\t\t\t\t\t<div class=\"elementor-element elementor-element-f413506 elementor-widget elementor-widget-text-editor\" data-id=\"f413506\" data-element_type=\"widget\" data-e-type=\"widget\" data-widget_type=\"text-editor.default\">\n\t\t\t\t<div class=\"elementor-widget-container\">\n\t\t\t\t\t\t\t\t\t<p><\/p><p>Vsa evropska podjetja se soo\u010dajo z zelo te\u017ekim obdobjem, ki ni nastalo zgolj zaradi gospodarskega bremena, ampak tudi zaradi dru\u017ebenih in okoljskih problemov. Najpomembnej\u0161i problem je povezan z viri in na\u010dini, ki zagotavljajo ustrezno upravljanje teh vzdol\u017e celotne vrednostne verige. Jasno je, da morajo na\u0161a podjetja narediti ve\u010d z manj, kjer cilj ni zgolj gospodarski razvoj, ampak tudi blaginja ljudi in zmanj\u0161anje onesna\u017eevanja vzdol\u017e vseh vrednostnih verig. \u010cetudi velika podjetja s tem nimajo te\u017eav, pa nova in majhna podjetja tega ne morejo storiti brez primernega usposabljanja &#8211; od tod izvira zamisel za ta projekt.<\/p><p>Projekt DISCERN si prizadeva, da bi institucije poklicnega izobra\u017eevanja razvile okvir kompetenc, ki se osredoto\u010da na teme kro\u017enega gospodarstva, podnebnih sprememb in trajnostnega razvoja ter upo\u0161teva digitalno preobrazbo celotnega gospodarstvenega in dru\u017ebenega razvoja EU. Dodatna skupina, ki bo imela koristi od projekta, so MSP-ji, novonastala podjetja in podjetniki. Na ta na\u010din bodo namre\u010d dobili gradiva in usmeritve, ki bodo podpirale njihove poklicne aktivnosti, ki so v skladu s strategijami trajnostnega razvoja in ki spo\u0161tujejo nova izhodi\u0161\u010da EU glede ekolo\u0161kega prehoda v digitalnem svetu.<\/p><p>DISCERN konzorcij je bil zgrajen na principu komplementarnosti ve\u0161\u010din in izku\u0161enj, ki so povezana z glavnim ciljem projekta. Vsi projektni rezultati bodo na voljo kot prosto dostopni u\u010dni viri v vseh jezikih partnerstva in angle\u0161\u010dini.<\/p>\t\t\t\t\t\t\t\t<\/div>\n\t\t\t\t<\/div>\n\t\t\t\t\t<\/div>\n\t\t<\/div>\n\t\t\t\t\t<\/div>\n\t\t<\/section>\n\t\t\t\t<\/div>\n\t\t","protected":false},"excerpt":{"rendered":"<p>Vsa evropska podjetja se soo\u010dajo z zelo te\u017ekim obdobjem, ki ni nastalo zgolj zaradi gospodarskega bremena, ampak tudi zaradi dru\u017ebenih in okoljskih problemov. Najpomembnej\u0161i problem je povezan z viri in na\u010dini, ki zagotavljajo ustrezno upravljanje teh vzdol\u017e celotne vrednostne verige. Jasno je, da morajo na\u0161a podjetja narediti ve\u010d z manj, kjer cilj ni zgolj gospodarski&hellip;&nbsp;<\/p>\n","protected":false},"author":1,"featured_media":0,"parent":0,"menu_order":0,"comment_status":"closed","ping_status":"closed","template":"elementor_theme","meta":{"neve_meta_sidebar":"","neve_meta_container":"","neve_meta_enable_content_width":"off","neve_meta_content_width":100,"neve_meta_title_alignment":"","neve_meta_author_avatar":"","neve_post_elements_order":"","neve_meta_disable_header":"","neve_meta_disable_footer":"","neve_meta_disable_title":"","footnotes":""},"class_list":["post-101","page","type-page","status-publish","hentry"],"_links":{"self":[{"href":"https:\/\/discern.erasmus.site\/sk\/wp-json\/wp\/v2\/pages\/101","targetHints":{"allow":["GET"]}}],"collection":[{"href":"https:\/\/discern.erasmus.site\/sk\/wp-json\/wp\/v2\/pages"}],"about":[{"href":"https:\/\/discern.erasmus.site\/sk\/wp-json\/wp\/v2\/types\/page"}],"author":[{"embeddable":true,"href":"https:\/\/discern.erasmus.site\/sk\/wp-json\/wp\/v2\/users\/1"}],"replies":[{"embeddable":true,"href":"https:\/\/discern.erasmus.site\/sk\/wp-json\/wp\/v2\/comments?post=101"}],"version-history":[{"count":30,"href":"https:\/\/discern.erasmus.site\/sk\/wp-json\/wp\/v2\/pages\/101\/revisions"}],"predecessor-version":[{"id":373,"href":"https:\/\/discern.erasmus.site\/sk\/wp-json\/wp\/v2\/pages\/101\/revisions\/373"}],"wp:attachment":[{"href":"https:\/\/discern.erasmus.site\/sk\/wp-json\/wp\/v2\/media?parent=101"}],"curies":[{"name":"wp","href":"https:\/\/api.w.org\/{rel}","templated":true}]}}