{"id":188,"date":"2022-05-25T19:27:30","date_gmt":"2022-05-25T19:27:30","guid":{"rendered":"https:\/\/discern.erasmus.site\/?page_id=188"},"modified":"2022-09-06T19:50:34","modified_gmt":"2022-09-06T19:50:34","slug":"partnership","status":"publish","type":"page","link":"https:\/\/discern.erasmus.site\/ro\/partnership\/","title":{"rendered":"Parteneriat"},"content":{"rendered":"<p><\/p>\n<h3 style=\"text-align: center;\"><img fetchpriority=\"high\" decoding=\"async\" class=\"size-medium wp-image-173 aligncenter\" src=\"https:\/\/discern.erasmus.site\/wp-content\/uploads\/2022\/05\/ccibn-300x300.png\" alt=\"\" width=\"300\" height=\"300\" srcset=\"https:\/\/discern.erasmus.site\/wp-content\/uploads\/2022\/05\/ccibn.png 300w, https:\/\/discern.erasmus.site\/wp-content\/uploads\/2022\/05\/ccibn-150x150.png 150w\" sizes=\"(max-width: 300px) 100vw, 300px\" \/><br \/>\nCamera de Comer\u021b \u0219i Industrie Bistri\u021ba N\u0103s\u0103ud &#8211; Romania (CCI BN). \u2013 Coordonatorul proiectului<\/h3>\n<p>Camera de Comer\u021b \u0219i Industrie Bistri\u021ba N\u0103s\u0103ud &#8211; Romania este o asocia\u021bie independent\u0103, voluntar\u0103, non-profit a firmelor din jude\u021bul Bistri\u021ba N\u0103s\u0103ud. A fost fondat\u0103 \u00een septembrie 1990 \u0219i \u00eenregistreaz\u0103, ast\u0103zi, peste 280 de companii membre de toate formele, dimensiunile \u0219i din toate ramurile. Companiile membre CCI BN contribuie cu circa 80% din valoarea ad\u0103ugat\u0103 brut\u0103 la economia bistri\u021bean\u0103 \u0219i genereaz\u0103 2\/3 din v\u00e2nz\u0103ri pe pie\u021bele externe. CCIBN este partenerul local ideal pentru investitorii str\u0103ini \u0219i profesioni\u0219tii de afaceri interesa\u021bi de Regiunea Nord-Vest.<\/p>\n<p>\u00cen cei 31 de ani de activitate, Camera \u0219i-a consolidat pozi\u021bia \u00een peisajul economic jude\u021bean ca institu\u021bie util\u0103 \u0219i necesar\u0103 a economiei de pia\u021b\u0103, manifest\u00e2ndu-\u0219i activ rolul de lider \u00een abordarea perioadei perturbatoare pentru cre\u0219terea rezilien\u021bei locale.<\/p>\n<p>Pentru a face fa\u021b\u0103 transform\u0103rii digitale \u0219i economiei circulare, CCIBN a devenit fondator al Digital Innovation Hub for Society \u0219i membru \u00een CLEMS Cluster, dezvolt\u00e2nd ac\u021biuni specifice pentru comunitatea de afaceri local\u0103.<\/p>\n<p>CCI BN ofer\u0103 membrilor s\u0103i un portofoliu important de formare, multe programe de formare fiind rezultatul diferitelor consor\u021bii de proiecte. CCIBN ofer\u0103 expertiz\u0103 tehnic\u0103 \u00een planificarea strategic\u0103, economia circular\u0103, transformarea digital\u0103 \u0219i diferite alte programe de formare pentru adul\u021bi \u0219i VET,\u00a0 conform legisla\u021biei na\u021bionale.<\/p>\n<p>CCI BN g\u0103zduie\u0219te un Centru de Informare Tehnologic\u0103 \u0219i ofer\u0103 servicii OSIM nu numai la nivel local, ci \u0219i regional \u0219i na\u021bional.<\/p>\n<p>CCIBN este implicat\u0103 \u00eentr-o gam\u0103 larg\u0103 de proiecte la nivel na\u021bional, transfrontalier, transna\u021bional \u0219i UE. \u00cen ultimii 3 ani, CCIBN a participat (condus) multe proiecte finan\u021bate din\u00a0 Instrumentelor structurale, Erasmus+, Interreg.<\/p>\n<p>Site web: <a href=\"http:\/\/www.cciabn.ro\" target=\"_blank\" rel=\"noopener\">www.cciabn.ro<\/a><\/p>\n<hr \/>\n<h3 style=\"text-align: center;\"><img decoding=\"async\" class=\"alignnone wp-image-165 size-medium\" src=\"https:\/\/discern.erasmus.site\/wp-content\/uploads\/2022\/05\/mecb-300x300.png\" alt=\"\" width=\"300\" height=\"300\" srcset=\"https:\/\/discern.erasmus.site\/wp-content\/uploads\/2022\/05\/mecb.png 300w, https:\/\/discern.erasmus.site\/wp-content\/uploads\/2022\/05\/mecb-150x150.png 150w\" sizes=\"(max-width: 300px) 100vw, 300px\" \/><br \/>\nMacdac Engineering Consultancy Bureau Ltd. \u2013 Malta (MECB)<\/h3>\n<p>MECB Ltd este o companie privat\u0103, cu sediul \u00een Malta, dedicat\u0103 promov\u0103rii excelen\u021bei \u0219i sprijinului inova\u021biei prin proiecte de parteneriat, instruire \u0219i servicii de asisten\u021b\u0103 tehnic\u0103. MECB ofer\u0103 clien\u021bilor, inclusiv consor\u021biilor\u00a0 de proiecte din UE, expertiz\u0103 tehnic\u0103 \u00eentr-o gam\u0103 larg\u0103 de sectoare, inclusiv: Inginerie, TIC, eLearning, Sustenabilitate\/Economie circular\u0103, Creativitate \u0219i inovare, Industria 4.0, formare STEM, precum \u0219i \u00eenv\u0103\u021bare pentru adul\u021bi \u0219i VET. Statutul profesional al MECB este reflectat de apartenen\u021ba sa la Camera de Comer\u021b \u0219i Industrie din Malta, precum \u0219i de faptul c\u0103 a fost acceptat ca membru al Coali\u021biei UE pentru competen\u021be \u0219i locuri de munc\u0103 digitale, pentru contribu\u021biile pe care le face \u00een mod regulat la dezvoltarea \u0219i preluarea dezvoltarea tehnologiilor digitale \u00een Europa. Cei 23 de membri ai personalului MECB au experien\u021b\u0103 direct\u0103 \u00een participarea la o serie de proiecte \u0219i licita\u021bii UE, inclusiv Erasmus+, EEA, LLP Grundtvig, Leonardo da Vinci, FP6\/7 \u0219i H2020.<\/p>\n<p>Site web: <a href=\"http:\/\/www.eumecb.com\" target=\"_blank\" rel=\"noopener\">www.eumecb.com<\/a><\/p>\n<hr \/>\n<h3 style=\"text-align: center;\"><img decoding=\"async\" class=\"alignnone wp-image-169 size-medium\" src=\"https:\/\/discern.erasmus.site\/wp-content\/uploads\/2022\/05\/lousada-300x300.png\" alt=\"\" width=\"300\" height=\"300\" srcset=\"https:\/\/discern.erasmus.site\/wp-content\/uploads\/2022\/05\/lousada.png 300w, https:\/\/discern.erasmus.site\/wp-content\/uploads\/2022\/05\/lousada-150x150.png 150w\" sizes=\"(max-width: 300px) 100vw, 300px\" \/><br \/>\nMunicipio de Lousada &#8211; Portugalia<\/h3>\n<p>Municipiul Lousada este o institu\u021bie a administra\u021biei publice locale. \u021ainta sa este\u00a0 urm\u0103rirea intereselor popula\u021biei \u00een spa\u021biul teritorial al Consiliului Lousada. Misiunea Municipalit\u0103\u021bii este de a defini strategii de orientare \u0219i de a executa politicile municipale rezultate \u00een direc\u021bia dezvolt\u0103rii durabile a municipiului, contribuind la cre\u0219terea competitivit\u0103\u021bii acestuia, la nivel local, regional \u0219i na\u021bional, prin m\u0103suri \u0219i programe \u00een diverse domenii de competen\u021b\u0103, promov\u00e2nd calitatea vie\u021bii cet\u0103\u021benilor s\u0103i \u0219i asigurarea unor standarde \u00eenalte de calitate a serviciilor.<\/p>\n<p>Site web: <a href=\"http:\/\/www.cm-lousada.pt\" target=\"_blank\" rel=\"noopener\">www.cm-lousada.pt<\/a><\/p>\n<hr \/>\n<h3 style=\"text-align: center;\"><img loading=\"lazy\" decoding=\"async\" class=\"alignnone wp-image-161 size-medium\" src=\"https:\/\/discern.erasmus.site\/wp-content\/uploads\/2022\/05\/rovira-300x300.png\" alt=\"\" width=\"300\" height=\"300\" srcset=\"https:\/\/discern.erasmus.site\/wp-content\/uploads\/2022\/05\/rovira.png 300w, https:\/\/discern.erasmus.site\/wp-content\/uploads\/2022\/05\/rovira-150x150.png 150w\" sizes=\"(max-width: 300px) 100vw, 300px\" \/><br \/>\nUniversitatea Rovira i Virgili &#8211; Spania (URV)<\/h3>\n<p>Universitatea\u00a0 Rovira i Virgili (URV) este o entitate\u00a0 public\u0103 creat\u0103 \u00een 1991 de Parlamentul Catalan. Situat \u00een sudul Cataloniei, a dezvoltat o structur\u0103 multi-centric\u0103 cu \u0219ase campusuri. URV este alc\u0103tuit\u0103 din 12 facult\u0103\u021bi \u0219i \u0219coli, cu 24 de departamente, av\u00e2nd aproape 1.000 de cadre academice echivalente cu norm\u0103 \u00eentreag\u0103, care preg\u0103tesc anual 12.000 de studen\u021bi de licen\u021b\u0103, 2.000 de masteran\u021bi \u0219i 1.000 de doctoranzi (jum\u0103tate dintre ace\u0219tia angaja\u021bi cu norm\u0103 \u00eentreag\u0103), \u0219i are 640 de angaja\u021bi administrativi \u0219i personal de serviciu. URV este bine pozi\u021bionat la nivel interna\u021bional \u00een ceea ce prive\u0219te cercetarea, dezvoltarea \u0219i inovarea. Datorit\u0103 competitivit\u0103\u021bii personalului s\u0103u, a ob\u021binut rezultate bune at\u00e2t \u00een \u200b\u200bceea ce prive\u0219te cantitatea, c\u00e2t \u0219i calitatea publica\u021biilor sale \u0219i s-a pozi\u021bionat bine printre cele mai bune universit\u0103\u021bi tinere din lume. Rela\u021bia de cooperare pe termen lung a URV cu industria \u00eencorporeaz\u0103 at\u00e2t programe de cercetare, c\u00e2t \u0219i programe de dezvoltare a capitalului uman care sunt relevante pentru nevoile industriei. Modelul s\u0103u centrat pe industrie este orientat spre dezvoltarea managementului, productivit\u0103\u021bii, competitivit\u0103\u021bii \u0219i capacit\u0103\u021bii inovatoare a firmelor din industrie, at\u00e2t mari c\u00e2t \u0219i mici.<\/p>\n<p>Site web: <a href=\"https:\/\/www.urv.cat\/en\/\" target=\"_blank\" rel=\"noopener\">www.urv.cat<\/a><\/p>\n<hr \/>\n<h3 style=\"text-align: center;\"><img loading=\"lazy\" decoding=\"async\" class=\"alignnone wp-image-157 size-medium\" src=\"https:\/\/discern.erasmus.site\/wp-content\/uploads\/2022\/05\/mariboru-300x300.png\" alt=\"\" width=\"300\" height=\"300\" srcset=\"https:\/\/discern.erasmus.site\/wp-content\/uploads\/2022\/05\/mariboru.png 300w, https:\/\/discern.erasmus.site\/wp-content\/uploads\/2022\/05\/mariboru-150x150.png 150w\" sizes=\"(max-width: 300px) 100vw, 300px\" \/><br \/>\nUniversitatea din Maribor &#8211; Slovenia (UM)<\/h3>\n<p>Universitatea din Maribor (UM) este a doua ca m\u0103rime \u0219i a doua cea mai veche universitate din Slovenia, unde aproximativ 15.000 de studen\u021bi studiaz\u0103 la 17 facult\u0103\u021bi diferite. Una dintre facult\u0103\u021bi este Facultatea de Arte, unde se reg\u0103se\u0219te Centrul Interna\u021bional pentru Ecoremedieri (ERM Center). Facultatea de Arte (www.ff.um.si) ofer\u0103 12 programe de studii diferite care pot fi \u00eemp\u0103r\u021bite \u00een trei domenii principale de cercetare: \u0219tiin\u021be umaniste, \u0219tiin\u021be sociale \u0219i \u0219tiin\u021be ale educa\u021biei. ERM Center este un centru de cercetare aplicativ\u0103, care se ocup\u0103 de dezvoltarea regional\u0103 durabil\u0103, managementul resurselor naturale, economia circular\u0103, prevenirea polu\u0103rii \u0219i degrad\u0103rii, atenuarea \u0219i adaptarea la schimb\u0103rile climatice, educa\u021bia pentru mediu \u0219i crearea de locuri de munc\u0103 verzi. Scopul principal al Centrului ERM este implementarea unor practici durabile pentru a cre\u0219te responsabilitatea social\u0103 \u0219i de mediu. Proced\u00e2nd astfel, Centrul ERM colaboreaz\u0103 cu succes cu \u00eentreprinderi, municipalit\u0103\u021bi, agen\u021bii de dezvoltare, institu\u021bii de \u00eenv\u0103\u021b\u0103m\u00e2nt \u0219i al\u021bi parteneri la nivel na\u021bional, european \u0219i intercontinental. Membrii Centrului ERM au fost distin\u0219i cu premii na\u021bionale pentru responsabilitate social\u0103, cea mai bun\u0103 cercetare \u0219i comunicare \u0219tiin\u021bific\u0103 \u0219i sunt, de asemenea, membri ai grupurilor de exper\u021bi de la Ministerul Agriculturii \u0219i Ministerul Educa\u021biei.<\/p>\n<p>Site web: <a href=\"http:\/\/www.um.si\" target=\"_blank\" rel=\"noopener\">www.um.si<\/a><\/p>\n<hr \/>\n<h3 style=\"text-align: center;\"><img loading=\"lazy\" decoding=\"async\" class=\"alignnone wp-image-153 size-medium\" src=\"https:\/\/discern.erasmus.site\/wp-content\/uploads\/2022\/05\/danmar-300x300.png\" alt=\"\" width=\"300\" height=\"300\" srcset=\"https:\/\/discern.erasmus.site\/wp-content\/uploads\/2022\/05\/danmar.png 300w, https:\/\/discern.erasmus.site\/wp-content\/uploads\/2022\/05\/danmar-150x150.png 150w\" sizes=\"(max-width: 300px) 100vw, 300px\" \/><br \/>\nDanmar Computers \u2013 Polonia (DANMAR)<\/h3>\n<p>Danmar Computers LLC este o companie privat\u0103 care activeaz\u0103 \u00een domeniul Tehnologiei Informa\u021biei \u0219i ofer\u0103 preg\u0103tire profesional\u0103 \u00een acest domeniu. Danmar are o experien\u021b\u0103 vast\u0103 \u00een dezvoltarea de aplica\u021bii web \u0219i mobile moderne care sunt utilizate \u00een scopuri educa\u021bionale. Danmar are, de asemenea, experien\u021b\u0103 de lung\u0103 durat\u0103 \u00een realizarea de proiecte europene \u00een cadrul c\u0103rora personalul de cercetare \u0219i dezvoltare al companiei efectueaz\u0103 cercet\u0103ri \u0219i preg\u0103te\u0219te traininguri adaptate nevoilor diver\u0219ilor cursan\u021bi. Pe parcursul a 15 ani, Danmar a implementat cu succes peste 50 de proiecte \u00een cadrul Grundtvig, Leonardo da Vinci, Progress \u0219i recent Erasmus+.<\/p>\n<p>\u00cen multe dintre aceste proiecte, Danmar a fost responsabil pentru proiectarea \u0219i coordonarea strategiilor de diseminare. Danmar Computers este dezvoltatorul \u0219i furnizorul AdminProject, sistemul on-line de management al proiectelor europene. Toate activit\u0103\u021bile companiei se bazeaz\u0103 pe o re\u021bea larg\u0103 \u0219i bine stabilit\u0103 de cooperare, at\u00e2t la nivel na\u021bional c\u00e2t \u0219i interna\u021bional. Re\u021belele na\u021bionale includ institu\u021bii de formare \u0219i consiliere, universit\u0103\u021bi, \u0219coli, organiza\u021bii neguvernamentale, precum \u0219i companii din sectorul privat. Re\u021beaua interna\u021bional\u0103 include parteneri de diferite profiluri provenind din fiecare \u021bar\u0103 a Uniunii Europene. Misiunea Danmar Computers este promovarea educa\u021biei pe tot parcursul vie\u021bii \u0219i asigurarea accesului egal la educa\u021bie pentru toat\u0103 lumea prin utilizarea tehnologiei moderne.<\/p>\n<p>Site web: <a href=\"https:\/\/danmar-computers.com.pl\/en\/\" target=\"_blank\" rel=\"noopener\">www.danmar-computers.com.pl<\/a><\/p>","protected":false},"excerpt":{"rendered":"<p>Camera de Comer\u021b \u0219i Industrie Bistri\u021ba N\u0103s\u0103ud &#8211; Romania (CCI BN). \u2013 Coordonatorul proiectului Camera de Comer\u021b \u0219i Industrie Bistri\u021ba N\u0103s\u0103ud &#8211; Romania este o asocia\u021bie independent\u0103, voluntar\u0103, non-profit a firmelor din jude\u021bul Bistri\u021ba N\u0103s\u0103ud. A fost fondat\u0103 \u00een septembrie 1990 \u0219i \u00eenregistreaz\u0103, ast\u0103zi, peste 280 de companii membre de toate formele, dimensiunile \u0219i din&hellip;&nbsp;<\/p>\n","protected":false},"author":1,"featured_media":0,"parent":0,"menu_order":0,"comment_status":"closed","ping_status":"closed","template":"","meta":{"neve_meta_sidebar":"","neve_meta_container":"","neve_meta_enable_content_width":"off","neve_meta_content_width":100,"neve_meta_title_alignment":"","neve_meta_author_avatar":"","neve_post_elements_order":"","neve_meta_disable_header":"","neve_meta_disable_footer":"","neve_meta_disable_title":"","footnotes":""},"class_list":["post-188","page","type-page","status-publish","hentry"],"_links":{"self":[{"href":"https:\/\/discern.erasmus.site\/ro\/wp-json\/wp\/v2\/pages\/188","targetHints":{"allow":["GET"]}}],"collection":[{"href":"https:\/\/discern.erasmus.site\/ro\/wp-json\/wp\/v2\/pages"}],"about":[{"href":"https:\/\/discern.erasmus.site\/ro\/wp-json\/wp\/v2\/types\/page"}],"author":[{"embeddable":true,"href":"https:\/\/discern.erasmus.site\/ro\/wp-json\/wp\/v2\/users\/1"}],"replies":[{"embeddable":true,"href":"https:\/\/discern.erasmus.site\/ro\/wp-json\/wp\/v2\/comments?post=188"}],"version-history":[{"count":10,"href":"https:\/\/discern.erasmus.site\/ro\/wp-json\/wp\/v2\/pages\/188\/revisions"}],"predecessor-version":[{"id":365,"href":"https:\/\/discern.erasmus.site\/ro\/wp-json\/wp\/v2\/pages\/188\/revisions\/365"}],"wp:attachment":[{"href":"https:\/\/discern.erasmus.site\/ro\/wp-json\/wp\/v2\/media?parent=188"}],"curies":[{"name":"wp","href":"https:\/\/api.w.org\/{rel}","templated":true}]}}