{"id":101,"date":"2022-05-25T18:49:10","date_gmt":"2022-05-25T18:49:10","guid":{"rendered":"https:\/\/discern.erasmus.site\/?page_id=101"},"modified":"2022-09-06T19:53:30","modified_gmt":"2022-09-06T19:53:30","slug":"about-the-project","status":"publish","type":"page","link":"https:\/\/discern.erasmus.site\/ro\/about-the-project\/","title":{"rendered":"Despre proiect"},"content":{"rendered":"\t\t<div data-elementor-type=\"wp-page\" data-elementor-id=\"101\" class=\"elementor elementor-101\">\n\t\t\t\t\t\t<section class=\"elementor-section elementor-top-section elementor-element elementor-element-e41f857 elementor-section-height-min-height elementor-section-boxed elementor-section-height-default elementor-section-items-middle\" data-id=\"e41f857\" data-element_type=\"section\" data-e-type=\"section\">\n\t\t\t\t\t\t<div class=\"elementor-container elementor-column-gap-default\">\n\t\t\t\t\t<div class=\"elementor-column elementor-col-50 elementor-top-column elementor-element elementor-element-a25662d\" data-id=\"a25662d\" data-element_type=\"column\" data-e-type=\"column\">\n\t\t\t<div class=\"elementor-widget-wrap elementor-element-populated\">\n\t\t\t\t\t\t<div class=\"elementor-element elementor-element-c3b2c50 elementor-widget elementor-widget-image\" data-id=\"c3b2c50\" data-element_type=\"widget\" data-e-type=\"widget\" data-widget_type=\"image.default\">\n\t\t\t\t<div class=\"elementor-widget-container\">\n\t\t\t\t\t\t\t\t\t\t\t\t\t\t\t<img fetchpriority=\"high\" decoding=\"async\" width=\"1024\" height=\"321\" src=\"https:\/\/discern.erasmus.site\/wp-content\/uploads\/2022\/05\/DISCERN_Logo-1024x321.png\" class=\"elementor-animation-pop attachment-large size-large wp-image-14\" alt=\"\" srcset=\"https:\/\/discern.erasmus.site\/wp-content\/uploads\/2022\/05\/DISCERN_Logo-1024x321.png 1024w, https:\/\/discern.erasmus.site\/wp-content\/uploads\/2022\/05\/DISCERN_Logo-300x94.png 300w, https:\/\/discern.erasmus.site\/wp-content\/uploads\/2022\/05\/DISCERN_Logo-768x241.png 768w, https:\/\/discern.erasmus.site\/wp-content\/uploads\/2022\/05\/DISCERN_Logo-1536x482.png 1536w, https:\/\/discern.erasmus.site\/wp-content\/uploads\/2022\/05\/DISCERN_Logo.png 1840w\" sizes=\"(max-width: 1024px) 100vw, 1024px\" \/>\t\t\t\t\t\t\t\t\t\t\t\t\t\t\t<\/div>\n\t\t\t\t<\/div>\n\t\t\t\t\t<\/div>\n\t\t<\/div>\n\t\t\t\t<div class=\"elementor-column elementor-col-50 elementor-top-column elementor-element elementor-element-0dd3b29\" data-id=\"0dd3b29\" data-element_type=\"column\" data-e-type=\"column\">\n\t\t\t<div class=\"elementor-widget-wrap elementor-element-populated\">\n\t\t\t\t\t\t<div class=\"elementor-element elementor-element-f413506 elementor-widget elementor-widget-text-editor\" data-id=\"f413506\" data-element_type=\"widget\" data-e-type=\"widget\" data-widget_type=\"text-editor.default\">\n\t\t\t\t<div class=\"elementor-widget-container\">\n\t\t\t\t\t\t\t\t\t<p><\/p><p>Toate companiile\u00a0 din statele membre UE se confrunt\u0103 cu o perioad\u0103 foarte sever\u0103 generat\u0103 nu numai de povara economic\u0103, ci \u0219i la nivelul r\u0103spunsului social \u0219i de mediu. Cea mai important\u0103 problem\u0103 este legat\u0103 de resurse \u0219i de modul \u00een care acestea pot asigura un management adecvat al resurselor pe \u00eentreg lan\u021bul de valoare. Exist\u0103 o nevoie clar\u0103 pentru companiile noastre de a face mai mult \u0219i mai bine cu mai pu\u021bine resurse, viz\u00e2nd nu numai dezvoltarea economic\u0103, dar \u0219i bun\u0103starea uman\u0103 \u0219i sc\u0103derea polu\u0103rii de-a lungul tuturor lan\u021burilor de valoare. Dac\u0103 o companie mare nu are nicio problem\u0103 s\u0103 fac\u0103 acest lucru, start-up-urile \u0219i firmele mici nu o pot face f\u0103r\u0103 o preg\u0103tire adecvat\u0103 ceea ce a condus la\u00a0 ideea acestui proiect.<\/p><p>Proiectul DISCERN vizeaz\u0103 \u00a0institu\u021biile VET pentru a dezvolta \u00a0un cadru de competen\u021be concentrat pe subiectele economiei circulare, schimb\u0103rilor climatice \u0219i dezvolt\u0103rii durabile, lu\u00e2nd \u00een considerare transformarea digital\u0103 a \u00eentregului mediu economic \u0219i social al UE. Un alt grup care va beneficia de proiect sunt IMM-urile, start-up-urile \u0219i antreprenorii. Astfel, acestora\u00a0 li se vor asigura materiale \u0219i \u00eendrum\u0103ri care s\u0103 sus\u021bin\u0103 activit\u0103\u021bile lor profesionale \u00een concordan\u021b\u0103 cu strategiile de dezvoltare durabil\u0103 \u0219i cu respectarea\u00a0 noilor postulate ale UE privind tranzi\u021bia ecologic\u0103 \u00eentr-o lume digital\u0103.<\/p><p>Consor\u021biul DISCERN a fost construit pe principiul complementarit\u0103\u021bii competen\u021belor \u0219i experien\u021bei \u00een jurul obiectivului principal al proiectului. Toate rezultatele proiectului vor fi disponibile ca Resurse Educa\u021bionale Deschise \u00een cele \u0219ase limbi ale parteneriatului, \u0219i limba\u00a0 englez\u0103.<\/p>\t\t\t\t\t\t\t\t<\/div>\n\t\t\t\t<\/div>\n\t\t\t\t\t<\/div>\n\t\t<\/div>\n\t\t\t\t\t<\/div>\n\t\t<\/section>\n\t\t\t\t<\/div>\n\t\t","protected":false},"excerpt":{"rendered":"<p>Toate companiile\u00a0 din statele membre UE se confrunt\u0103 cu o perioad\u0103 foarte sever\u0103 generat\u0103 nu numai de povara economic\u0103, ci \u0219i la nivelul r\u0103spunsului social \u0219i de mediu. Cea mai important\u0103 problem\u0103 este legat\u0103 de resurse \u0219i de modul \u00een care acestea pot asigura un management adecvat al resurselor pe \u00eentreg lan\u021bul de valoare. Exist\u0103&hellip;&nbsp;<\/p>\n","protected":false},"author":1,"featured_media":0,"parent":0,"menu_order":0,"comment_status":"closed","ping_status":"closed","template":"elementor_theme","meta":{"neve_meta_sidebar":"","neve_meta_container":"","neve_meta_enable_content_width":"off","neve_meta_content_width":100,"neve_meta_title_alignment":"","neve_meta_author_avatar":"","neve_post_elements_order":"","neve_meta_disable_header":"","neve_meta_disable_footer":"","neve_meta_disable_title":"","footnotes":""},"class_list":["post-101","page","type-page","status-publish","hentry"],"_links":{"self":[{"href":"https:\/\/discern.erasmus.site\/ro\/wp-json\/wp\/v2\/pages\/101","targetHints":{"allow":["GET"]}}],"collection":[{"href":"https:\/\/discern.erasmus.site\/ro\/wp-json\/wp\/v2\/pages"}],"about":[{"href":"https:\/\/discern.erasmus.site\/ro\/wp-json\/wp\/v2\/types\/page"}],"author":[{"embeddable":true,"href":"https:\/\/discern.erasmus.site\/ro\/wp-json\/wp\/v2\/users\/1"}],"replies":[{"embeddable":true,"href":"https:\/\/discern.erasmus.site\/ro\/wp-json\/wp\/v2\/comments?post=101"}],"version-history":[{"count":30,"href":"https:\/\/discern.erasmus.site\/ro\/wp-json\/wp\/v2\/pages\/101\/revisions"}],"predecessor-version":[{"id":373,"href":"https:\/\/discern.erasmus.site\/ro\/wp-json\/wp\/v2\/pages\/101\/revisions\/373"}],"wp:attachment":[{"href":"https:\/\/discern.erasmus.site\/ro\/wp-json\/wp\/v2\/media?parent=101"}],"curies":[{"name":"wp","href":"https:\/\/api.w.org\/{rel}","templated":true}]}}