{"id":188,"date":"2022-05-25T19:27:30","date_gmt":"2022-05-25T19:27:30","guid":{"rendered":"https:\/\/discern.erasmus.site\/?page_id=188"},"modified":"2022-09-06T19:50:34","modified_gmt":"2022-09-06T19:50:34","slug":"partnership","status":"publish","type":"page","link":"https:\/\/discern.erasmus.site\/pt\/partnership\/","title":{"rendered":"Parceiros"},"content":{"rendered":"<p><\/p>\n<h3 style=\"text-align: center;\"><img fetchpriority=\"high\" decoding=\"async\" class=\"size-medium wp-image-173 aligncenter\" src=\"https:\/\/discern.erasmus.site\/wp-content\/uploads\/2022\/05\/ccibn-300x300.png\" alt=\"\" width=\"300\" height=\"300\" srcset=\"https:\/\/discern.erasmus.site\/wp-content\/uploads\/2022\/05\/ccibn.png 300w, https:\/\/discern.erasmus.site\/wp-content\/uploads\/2022\/05\/ccibn-150x150.png 150w\" sizes=\"(max-width: 300px) 100vw, 300px\" \/><br \/>\nCamera de Comert si Industrie Bistrita Nasaud &#8212; Rom\u00e9nia (CCI BN) \u2013 Coordenador do Projeto<\/h3>\n<p>A C\u00e2mara do Com\u00e9rcio e Ind\u00fastria de Bistrita Nasaud (CCI BN) \u00e9 uma associa\u00e7\u00e3o independente, volunt\u00e1ria e sem fins lucrativos de empresas no condado de Bistrita Nasaud. Foi fundada em setembro de 1990 e conta, atualmente, com mais de 280 de empresas associadas de todos os tamanhos e ramos. As empresas associadas da CCI BN contribuem com cerca de 80% do valor acrescentado bruto da economia de Bistrita Nasaud e geram 2\/3 das vendas nos mercados estrangeiros. A CCI BN \u00e9 o s\u00f3cio local ideal para investidores estrangeiros e profissionais de neg\u00f3cios interessados na Regi\u00e3o Noroeste.<\/p>\n<p>Nos seus 31 anos de atividade, a C\u00e2mara consolidou a sua posi\u00e7\u00e3o no panorama econ\u00f3mico do condado como uma institui\u00e7\u00e3o \u00fatil e necess\u00e1ria da economia de mercado, manifestando ativamente o seu papel como l\u00edder na abordagem de per\u00edodos disruptivos para aumentar a resili\u00eancia local.<\/p>\n<p>Para lidar com a transforma\u00e7\u00e3o digital e economia circular, a CCI BN fundou o <em>Digital Innovation Hub for Society <\/em>e tornou-se membro do <em>CLEMS Cluster<\/em> desenvolvendo a\u00e7\u00f5es espec\u00edficas para a comunidade empresarial local.<\/p>\n<p>A CCI BN disponibiliza aos seus membros uma vasta oferta de forma\u00e7\u00f5es, sendo muitos programas de forma\u00e7\u00e3o resultado de diferentes projetos. A CCI BN proporciona experi\u00eancia t\u00e9cnica em planeamento estrat\u00e9gico, economia circular, transforma\u00e7\u00e3o digital e outros programas de forma\u00e7\u00e3o para adultos e EFP, de acordo com a legisla\u00e7\u00e3o nacional.<\/p>\n<p>A CCI BN alberga um Centro de Informa\u00e7\u00e3o T\u00e9cnica e oferece servi\u00e7os OSIM n\u00e3o s\u00f3 ao n\u00edvel local, mas tamb\u00e9m regional e nacional.<\/p>\n<p>A CCI BN participa numa variedade de projetos ao n\u00edvel nacional, transfronteiri\u00e7o, transnacional e da UE. Nos \u00faltimos 3 anos, a CCI BN participou (e liderou) muitos projetos como Erasmus+ e Interreg.<\/p>\n<p>P\u00e1gina web: <a href=\"http:\/\/www.cciabn.ro\" target=\"_blank\" rel=\"noopener\">www.cciabn.ro<\/a><\/p>\n<hr \/>\n<h3 style=\"text-align: center;\"><img decoding=\"async\" class=\"alignnone wp-image-165 size-medium\" src=\"https:\/\/discern.erasmus.site\/wp-content\/uploads\/2022\/05\/mecb-300x300.png\" alt=\"\" width=\"300\" height=\"300\" srcset=\"https:\/\/discern.erasmus.site\/wp-content\/uploads\/2022\/05\/mecb.png 300w, https:\/\/discern.erasmus.site\/wp-content\/uploads\/2022\/05\/mecb-150x150.png 150w\" sizes=\"(max-width: 300px) 100vw, 300px\" \/><br \/>\nMacdac Engineering Consultancy Bureau Ltd. \u2013 Malta (MECB)<\/h3>\n<p>A MECB Ltd \u00e9 uma empresa privada sediada em Malta, que disponibiliza o seu apoio de excel\u00eancia e inova\u00e7\u00e3o atrav\u00e9s de projetos de parcerias, forma\u00e7\u00e3o e servi\u00e7os de apoio t\u00e9cnico. A MECB oferece aos clientes, incluindo cons\u00f3rcios de projetos da EU, experi\u00eancia t\u00e9cnica numa variedade de setores, que incluem: engenharia, TIC, <em>e-Learning<\/em>, sustentabilidade\/economia circular, criatividade e inova\u00e7\u00e3o, ind\u00fastria 4.0, forma\u00e7\u00e3o STEM, e tamb\u00e9m forma\u00e7\u00e3o de adultos e EFP. O estatuto profissional da MECB reflete-se no facto de ser membro da C\u00e2mara de Com\u00e9rcio e Ind\u00fastria de Malta, assim como no facto de ter sido aceite como Membro da Coliga\u00e7\u00e3o de Compet\u00eancias Digitais e Empregos da UE, pelos contributos que faz regularmente ao desenvolvimento e utiliza\u00e7\u00e3o de tecnologias digitais em toda a Europa. Os 23 membros t\u00e9cnicos da MECB t\u00eam experi\u00eancia direta na participa\u00e7\u00e3o em v\u00e1rios projetos e propostas da UE, incluindo Erasmus+, EEA, LLP,<\/p>\n<p>Grundtvig, Leonardo da Vinci, FP6\/7 e H2020.<\/p>\n<p>P\u00e1gina web: <a href=\"http:\/\/www.eumecb.com\" target=\"_blank\" rel=\"noopener\">www.eumecb.com<\/a><\/p>\n<hr \/>\n<h3 style=\"text-align: center;\"><img decoding=\"async\" class=\"alignnone wp-image-169 size-medium\" src=\"https:\/\/discern.erasmus.site\/wp-content\/uploads\/2022\/05\/lousada-300x300.png\" alt=\"\" width=\"300\" height=\"300\" srcset=\"https:\/\/discern.erasmus.site\/wp-content\/uploads\/2022\/05\/lousada.png 300w, https:\/\/discern.erasmus.site\/wp-content\/uploads\/2022\/05\/lousada-150x150.png 150w\" sizes=\"(max-width: 300px) 100vw, 300px\" \/><br \/>\nMunic\u00edpio de Lousada \u2013 Portugal<\/h3>\n<p>O Munic\u00edpio de Lousada \u00e9 uma institui\u00e7\u00e3o da administra\u00e7\u00e3o p\u00fablica local. Tem como objetivo promover os interesses da popula\u00e7\u00e3o no espa\u00e7o territorial do munic\u00edpio de Lousada. A miss\u00e3o do Munic\u00edpio \u00e9 definir e implementar estrat\u00e9gias e pol\u00edticas municipais para alcan\u00e7ar o desenvolvimento sustent\u00e1vel do munic\u00edpio, contribuindo para a competitividade ao n\u00edvel local, regional e nacional, atrav\u00e9s de medidas e programas no \u00e2mbito das suas diversas atribui\u00e7\u00f5es, promovendo a qualidade de vida dos seus cidad\u00e3os e assegurando a presta\u00e7\u00e3o de servi\u00e7os com um elevado n\u00edvel de qualidade.<\/p>\n<p>P\u00e1gina web: <a href=\"http:\/\/www.cm-lousada.pt\" target=\"_blank\" rel=\"noopener\">www.cm-lousada.pt<\/a><\/p>\n<hr \/>\n<h3 style=\"text-align: center;\"><img loading=\"lazy\" decoding=\"async\" class=\"alignnone wp-image-161 size-medium\" src=\"https:\/\/discern.erasmus.site\/wp-content\/uploads\/2022\/05\/rovira-300x300.png\" alt=\"\" width=\"300\" height=\"300\" srcset=\"https:\/\/discern.erasmus.site\/wp-content\/uploads\/2022\/05\/rovira.png 300w, https:\/\/discern.erasmus.site\/wp-content\/uploads\/2022\/05\/rovira-150x150.png 150w\" sizes=\"(max-width: 300px) 100vw, 300px\" \/><br \/>\nUniversitat Rovira i Virgili \u2013 Espanha (URV)<\/h3>\n<p>A Universitat Rovira e Virgili (URV) \u00e9 uma universidade p\u00fablica fundada em 1991 pelo parlamento Catal\u00e3o. Localizada no sul da Catalunha, tem desenvolvido uma estrutura multi-centro com seis campus. A URV \u00e9 formada por 12 Faculdades e Escolas, 24 Departamentos, com cerca de 1000 professores a tempo inteiro que acolhem anualmente 12000 estudantes de licenciatura, 2000 estudantes de mestrado e 1000 doutorandos (sendo metade trabalhadores a tempo inteiro), e empregando 640 administrativos e pessoal de servi\u00e7o. A URV est\u00e1 bem posicionada internacionalmente em termos de investiga\u00e7\u00e3o, desenvolvimento e inova\u00e7\u00e3o. Gra\u00e7as \u00e0 competitividade da sua equipa, tem obtido bons resultados tanto na quantidade como na qualidade das suas publica\u00e7\u00f5es e tem estado bem posicionada entre as melhores universidades jovens do Mundo. A rela\u00e7\u00e3o de coopera\u00e7\u00e3o a longo prazo da URV com a ind\u00fastria integra programas de desenvolvimento de capital Humano e de investiga\u00e7\u00e3o que s\u00e3o relevantes para as necessidades da ind\u00fastria e da sociedade. O seu modelo centrado na ind\u00fastria est\u00e1 orientado de forma a aumentar a qualidade da gest\u00e3o, a produtividade, a competitividade e a capacidade de inova\u00e7\u00e3o das pequenas e grandes empresas.<\/p>\n<p>P\u00e1gina web: <a href=\"https:\/\/www.urv.cat\/en\/\" target=\"_blank\" rel=\"noopener\">www.urv.cat<\/a><\/p>\n<hr \/>\n<h3 style=\"text-align: center;\"><img loading=\"lazy\" decoding=\"async\" class=\"alignnone wp-image-157 size-medium\" src=\"https:\/\/discern.erasmus.site\/wp-content\/uploads\/2022\/05\/mariboru-300x300.png\" alt=\"\" width=\"300\" height=\"300\" srcset=\"https:\/\/discern.erasmus.site\/wp-content\/uploads\/2022\/05\/mariboru.png 300w, https:\/\/discern.erasmus.site\/wp-content\/uploads\/2022\/05\/mariboru-150x150.png 150w\" sizes=\"(max-width: 300px) 100vw, 300px\" \/><br \/>\nUniversidade de Maribor \u2013 Eslov\u00e9nia (UM)<\/h3>\n<p>A Universidade de Maribor (UM) \u00e9 a segunda maior e segunda mais antiga universidade da Eslov\u00e9nia, onde aproximadamente 15000 alunos estudam em 17 faculdades diferentes. Uma das faculdades \u00e9 a Faculdade de Artes, onde est\u00e1 sediado o Centro Internacional para a Ecorremedia\u00e7\u00e3o (ERM Center). A Faculdade de Artes (eee.ff.um.si) oferece 12 programas de estudo diferentes que podem ser divididos em tr\u00eas \u00e1reas principais de investiga\u00e7\u00e3o: humanidades, ci\u00eancias sociais e ci\u00eancias educativas. O ERM Center \u00e9 um centro de investiga\u00e7\u00e3o aplicada, que trabalha com o desenvolvimento regional sustent\u00e1vel, gest\u00e3o de recursos naturais, economia circular, preven\u00e7\u00e3o da polui\u00e7\u00e3o e degrada\u00e7\u00e3o, mitiga\u00e7\u00e3o e adapta\u00e7\u00e3o \u00e0s altera\u00e7\u00f5es clim\u00e1ticas, educa\u00e7\u00e3o ambiental e cria\u00e7\u00e3o de emprego verde. O principal objetivo do ERM Center \u00e9 a implementa\u00e7\u00e3o de pr\u00e1ticas sustent\u00e1veis para aumentar a responsabilidade ambiental e social. Ao faz\u00ea-lo, o ERM Center colabora com empresas, munic\u00edpios, ag\u00eancias de desenvolvimento, institui\u00e7\u00f5es de educa\u00e7\u00e3o e outros parceiros a n\u00edvel nacional, Europeu e Intercontinental. Os membros do ERM Center foram distinguidos com pr\u00e9mios nacionais por responsabilidade social, melhor investiga\u00e7\u00e3o e comunica\u00e7\u00e3o cient\u00edfica e s\u00e3o tamb\u00e9m membros de grupos de especialistas no Minist\u00e9rio da Agricultura e no Minist\u00e9rio da Educa\u00e7\u00e3o.<\/p>\n<p>P\u00e1gina web: <a href=\"http:\/\/www.um.si\" target=\"_blank\" rel=\"noopener\">www.um.si<\/a><\/p>\n<hr \/>\n<h3 style=\"text-align: center;\"><img loading=\"lazy\" decoding=\"async\" class=\"alignnone wp-image-153 size-medium\" src=\"https:\/\/discern.erasmus.site\/wp-content\/uploads\/2022\/05\/danmar-300x300.png\" alt=\"\" width=\"300\" height=\"300\" srcset=\"https:\/\/discern.erasmus.site\/wp-content\/uploads\/2022\/05\/danmar.png 300w, https:\/\/discern.erasmus.site\/wp-content\/uploads\/2022\/05\/danmar-150x150.png 150w\" sizes=\"(max-width: 300px) 100vw, 300px\" \/><br \/>\nDanmar Computers \u2013 Pol\u00f3nia (DANMAR)<\/h3>\n<p>A Danmar Computers LLC \u00e9 uma empresa privada que opera no campo da tecnologia da informa\u00e7\u00e3o e oferece forma\u00e7\u00e3o vocacional neste campo. A Danmar tem uma vasta experi\u00eancia no desenvolvimento de aplica\u00e7\u00f5es <em>web<\/em> e m\u00f3veis modernas que s\u00e3o utilizadas para fins educacionais. Tem, tamb\u00e9m, uma longa experi\u00eancia na realiza\u00e7\u00e3o de projetos Europeus, nos quais os trabalhadores de I&amp;D realizam investiga\u00e7\u00f5es e preparam forma\u00e7\u00f5es adaptadas \u00e0s necessidades dos v\u00e1rios formandos. Ao longo de 15 anos, a Danmar implementou com sucesso mais de 50 projetos Grundtvig, Leonardo da Vinci, Progress e, recentemente, Erasmus+.<\/p>\n<p>Em muitos destes projetos, a Danmar foi respons\u00e1vel por planear e coordenar as estrat\u00e9gias de dissemina\u00e7\u00e3o. A Danmar Computers \u00e9 criadora e fornecedora do AdminProject, o sistema <em>on-line<\/em> para a gest\u00e3o de projetos Europeus. Todas as atividades da empresa baseiam-se numa vasta e bem estabelecida rede de coopera\u00e7\u00e3o, tanto a n\u00edvel nacional como internacional. As redes nacionais incluem institui\u00e7\u00f5es de forma\u00e7\u00e3o e assessoria, universidades, escolas, organiza\u00e7\u00f5es n\u00e3o governamentais e empresas do setor privado. A rede internacional inclui parceiros com diversos perfis provenientes de todos os pa\u00edses da Uni\u00e3o Europeia. A miss\u00e3o da Danmar Computer \u00e9 a promo\u00e7\u00e3o da educa\u00e7\u00e3o ao longo da vida e assegurar igualdade de acesso \u00e0 educa\u00e7\u00e3o a todos com a utiliza\u00e7\u00e3o de tecnologia moderna.<\/p>\n<p>P\u00e1gina web: <a href=\"https:\/\/danmar-computers.com.pl\/en\/\" target=\"_blank\" rel=\"noopener\">www.danmar-computers.com.pl<\/a><\/p>","protected":false},"excerpt":{"rendered":"<p>Camera de Comert si Industrie Bistrita Nasaud &#8212; Rom\u00e9nia (CCI BN) \u2013 Coordenador do Projeto A C\u00e2mara do Com\u00e9rcio e Ind\u00fastria de Bistrita Nasaud (CCI BN) \u00e9 uma associa\u00e7\u00e3o independente, volunt\u00e1ria e sem fins lucrativos de empresas no condado de Bistrita Nasaud. Foi fundada em setembro de 1990 e conta, atualmente, com mais de 280&hellip;&nbsp;<\/p>\n","protected":false},"author":1,"featured_media":0,"parent":0,"menu_order":0,"comment_status":"closed","ping_status":"closed","template":"","meta":{"neve_meta_sidebar":"","neve_meta_container":"","neve_meta_enable_content_width":"off","neve_meta_content_width":100,"neve_meta_title_alignment":"","neve_meta_author_avatar":"","neve_post_elements_order":"","neve_meta_disable_header":"","neve_meta_disable_footer":"","neve_meta_disable_title":"","footnotes":""},"class_list":["post-188","page","type-page","status-publish","hentry"],"_links":{"self":[{"href":"https:\/\/discern.erasmus.site\/pt\/wp-json\/wp\/v2\/pages\/188","targetHints":{"allow":["GET"]}}],"collection":[{"href":"https:\/\/discern.erasmus.site\/pt\/wp-json\/wp\/v2\/pages"}],"about":[{"href":"https:\/\/discern.erasmus.site\/pt\/wp-json\/wp\/v2\/types\/page"}],"author":[{"embeddable":true,"href":"https:\/\/discern.erasmus.site\/pt\/wp-json\/wp\/v2\/users\/1"}],"replies":[{"embeddable":true,"href":"https:\/\/discern.erasmus.site\/pt\/wp-json\/wp\/v2\/comments?post=188"}],"version-history":[{"count":10,"href":"https:\/\/discern.erasmus.site\/pt\/wp-json\/wp\/v2\/pages\/188\/revisions"}],"predecessor-version":[{"id":365,"href":"https:\/\/discern.erasmus.site\/pt\/wp-json\/wp\/v2\/pages\/188\/revisions\/365"}],"wp:attachment":[{"href":"https:\/\/discern.erasmus.site\/pt\/wp-json\/wp\/v2\/media?parent=188"}],"curies":[{"name":"wp","href":"https:\/\/api.w.org\/{rel}","templated":true}]}}