{"id":101,"date":"2022-05-25T18:49:10","date_gmt":"2022-05-25T18:49:10","guid":{"rendered":"https:\/\/discern.erasmus.site\/?page_id=101"},"modified":"2022-09-06T19:53:30","modified_gmt":"2022-09-06T19:53:30","slug":"about-the-project","status":"publish","type":"page","link":"https:\/\/discern.erasmus.site\/pt\/about-the-project\/","title":{"rendered":"Sobre o projeto"},"content":{"rendered":"\t\t<div data-elementor-type=\"wp-page\" data-elementor-id=\"101\" class=\"elementor elementor-101\">\n\t\t\t\t\t\t<section class=\"elementor-section elementor-top-section elementor-element elementor-element-e41f857 elementor-section-height-min-height elementor-section-boxed elementor-section-height-default elementor-section-items-middle\" data-id=\"e41f857\" data-element_type=\"section\" data-e-type=\"section\">\n\t\t\t\t\t\t<div class=\"elementor-container elementor-column-gap-default\">\n\t\t\t\t\t<div class=\"elementor-column elementor-col-50 elementor-top-column elementor-element elementor-element-a25662d\" data-id=\"a25662d\" data-element_type=\"column\" data-e-type=\"column\">\n\t\t\t<div class=\"elementor-widget-wrap elementor-element-populated\">\n\t\t\t\t\t\t<div class=\"elementor-element elementor-element-c3b2c50 elementor-widget elementor-widget-image\" data-id=\"c3b2c50\" data-element_type=\"widget\" data-e-type=\"widget\" data-widget_type=\"image.default\">\n\t\t\t\t<div class=\"elementor-widget-container\">\n\t\t\t\t\t\t\t\t\t\t\t\t\t\t\t<img fetchpriority=\"high\" decoding=\"async\" width=\"1024\" height=\"321\" src=\"https:\/\/discern.erasmus.site\/wp-content\/uploads\/2022\/05\/DISCERN_Logo-1024x321.png\" class=\"elementor-animation-pop attachment-large size-large wp-image-14\" alt=\"\" srcset=\"https:\/\/discern.erasmus.site\/wp-content\/uploads\/2022\/05\/DISCERN_Logo-1024x321.png 1024w, https:\/\/discern.erasmus.site\/wp-content\/uploads\/2022\/05\/DISCERN_Logo-300x94.png 300w, https:\/\/discern.erasmus.site\/wp-content\/uploads\/2022\/05\/DISCERN_Logo-768x241.png 768w, https:\/\/discern.erasmus.site\/wp-content\/uploads\/2022\/05\/DISCERN_Logo-1536x482.png 1536w, https:\/\/discern.erasmus.site\/wp-content\/uploads\/2022\/05\/DISCERN_Logo.png 1840w\" sizes=\"(max-width: 1024px) 100vw, 1024px\" \/>\t\t\t\t\t\t\t\t\t\t\t\t\t\t\t<\/div>\n\t\t\t\t<\/div>\n\t\t\t\t\t<\/div>\n\t\t<\/div>\n\t\t\t\t<div class=\"elementor-column elementor-col-50 elementor-top-column elementor-element elementor-element-0dd3b29\" data-id=\"0dd3b29\" data-element_type=\"column\" data-e-type=\"column\">\n\t\t\t<div class=\"elementor-widget-wrap elementor-element-populated\">\n\t\t\t\t\t\t<div class=\"elementor-element elementor-element-f413506 elementor-widget elementor-widget-text-editor\" data-id=\"f413506\" data-element_type=\"widget\" data-e-type=\"widget\" data-widget_type=\"text-editor.default\">\n\t\t\t\t<div class=\"elementor-widget-container\">\n\t\t\t\t\t\t\t\t\t<p><\/p><p>Todas as empresas da UE est\u00e3o a atravessar um per\u00edodo complexo, n\u00e3o s\u00f3 resultado da situa\u00e7\u00e3o econ\u00f3mica, mas tamb\u00e9m ao n\u00edvel social e ambiental. O problema mais importante est\u00e1 relacionado com os recursos e com a forma como podem assegurar uma gest\u00e3o apropriada dos recursos em toda a cadeia de valor. Existe uma clara necessidade de as nossas empresas fazerem mais e melhor com menos recursos, visando n\u00e3o s\u00f3 o desenvolvimento econ\u00f3mico, mas tamb\u00e9m o bem-estar humano e diminui\u00e7\u00e3o da polui\u00e7\u00e3o ao longo das cadeias de valor. Se uma grande empresa n\u00e3o tem dificuldades em faz\u00ea-lo, as <em>start-ups<\/em> e as pequenas empresas n\u00e3o o conseguem fazer sem forma\u00e7\u00e3o adequada. Assim, surgiu a ideia de desenvolver este projeto.<\/p><p>O projeto DISCERN dirige-se a institui\u00e7\u00f5es de EFP para desenvolverem um quadro de compet\u00eancias concentrando-se nos temas da economia circular, altera\u00e7\u00f5es clim\u00e1ticas e desenvolvimento sustent\u00e1vel, tendo em considera\u00e7\u00e3o a transforma\u00e7\u00e3o digital de todo o ambiente econ\u00f3mico e social da UE. Outro grupo a beneficiar do projeto s\u00e3o as PMEs, novos empres\u00e1rios e empreendedores. Assim, ser-lhes-\u00e3o fornecidos materiais e orienta\u00e7\u00f5es para apoiar as suas atividades profissionais que estejam de acordo com as estrat\u00e9gias do desenvolvimento sustent\u00e1vel e respeitando os novos postulados da UE para a transi\u00e7\u00e3o ecol\u00f3gica num mundo digital.<\/p><p>O cons\u00f3rcio DISCERN foi constitu\u00eddo com base no princ\u00edpio da complementaridade de compet\u00eancias e experi\u00eancias em torno do objetivo principal do projeto. Todos os resultados do projeto estar\u00e3o dispon\u00edveis na forma de recursos educativos abertos nos idiomas da parceria, para al\u00e9m do ingl\u00eas.<\/p>\t\t\t\t\t\t\t\t<\/div>\n\t\t\t\t<\/div>\n\t\t\t\t\t<\/div>\n\t\t<\/div>\n\t\t\t\t\t<\/div>\n\t\t<\/section>\n\t\t\t\t<\/div>\n\t\t","protected":false},"excerpt":{"rendered":"<p>Todas as empresas da UE est\u00e3o a atravessar um per\u00edodo complexo, n\u00e3o s\u00f3 resultado da situa\u00e7\u00e3o econ\u00f3mica, mas tamb\u00e9m ao n\u00edvel social e ambiental. O problema mais importante est\u00e1 relacionado com os recursos e com a forma como podem assegurar uma gest\u00e3o apropriada dos recursos em toda a cadeia de valor. Existe uma clara necessidade&hellip;&nbsp;<\/p>\n","protected":false},"author":1,"featured_media":0,"parent":0,"menu_order":0,"comment_status":"closed","ping_status":"closed","template":"elementor_theme","meta":{"neve_meta_sidebar":"","neve_meta_container":"","neve_meta_enable_content_width":"off","neve_meta_content_width":100,"neve_meta_title_alignment":"","neve_meta_author_avatar":"","neve_post_elements_order":"","neve_meta_disable_header":"","neve_meta_disable_footer":"","neve_meta_disable_title":"","footnotes":""},"class_list":["post-101","page","type-page","status-publish","hentry"],"_links":{"self":[{"href":"https:\/\/discern.erasmus.site\/pt\/wp-json\/wp\/v2\/pages\/101","targetHints":{"allow":["GET"]}}],"collection":[{"href":"https:\/\/discern.erasmus.site\/pt\/wp-json\/wp\/v2\/pages"}],"about":[{"href":"https:\/\/discern.erasmus.site\/pt\/wp-json\/wp\/v2\/types\/page"}],"author":[{"embeddable":true,"href":"https:\/\/discern.erasmus.site\/pt\/wp-json\/wp\/v2\/users\/1"}],"replies":[{"embeddable":true,"href":"https:\/\/discern.erasmus.site\/pt\/wp-json\/wp\/v2\/comments?post=101"}],"version-history":[{"count":30,"href":"https:\/\/discern.erasmus.site\/pt\/wp-json\/wp\/v2\/pages\/101\/revisions"}],"predecessor-version":[{"id":373,"href":"https:\/\/discern.erasmus.site\/pt\/wp-json\/wp\/v2\/pages\/101\/revisions\/373"}],"wp:attachment":[{"href":"https:\/\/discern.erasmus.site\/pt\/wp-json\/wp\/v2\/media?parent=101"}],"curies":[{"name":"wp","href":"https:\/\/api.w.org\/{rel}","templated":true}]}}