{"id":90,"date":"2022-05-25T18:43:39","date_gmt":"2022-05-25T18:43:39","guid":{"rendered":"https:\/\/discern.erasmus.site\/?page_id=90"},"modified":"2023-12-16T15:55:54","modified_gmt":"2023-12-16T15:55:54","slug":"results","status":"publish","type":"page","link":"https:\/\/discern.erasmus.site\/pl\/results\/","title":{"rendered":"Rezultaty"},"content":{"rendered":"\t\t<div data-elementor-type=\"wp-page\" data-elementor-id=\"90\" class=\"elementor elementor-90\">\n\t\t\t\t\t\t<section class=\"elementor-section elementor-top-section elementor-element elementor-element-05fdd91 elementor-section-boxed elementor-section-height-default elementor-section-height-default\" data-id=\"05fdd91\" data-element_type=\"section\" data-e-type=\"section\">\n\t\t\t\t\t\t<div class=\"elementor-container elementor-column-gap-default\">\n\t\t\t\t\t<div class=\"elementor-column elementor-col-33 elementor-top-column elementor-element elementor-element-de836ac\" data-id=\"de836ac\" data-element_type=\"column\" data-e-type=\"column\">\n\t\t\t<div class=\"elementor-widget-wrap elementor-element-populated\">\n\t\t\t\t\t\t<div class=\"elementor-element elementor-element-89d1ad2 elementor-widget elementor-widget-image\" data-id=\"89d1ad2\" data-element_type=\"widget\" data-e-type=\"widget\" data-widget_type=\"image.default\">\n\t\t\t\t<div class=\"elementor-widget-container\">\n\t\t\t\t\t\t\t\t\t\t\t\t\t\t\t\t<a href=\"https:\/\/discern.erasmus.site\/pr1\/\">\n\t\t\t\t\t\t\t<img decoding=\"async\" width=\"150\" height=\"150\" src=\"https:\/\/discern.erasmus.site\/wp-content\/uploads\/2022\/05\/guide-book-150x150.png\" class=\"elementor-animation-grow attachment-thumbnail size-thumbnail wp-image-69\" alt=\"\" srcset=\"https:\/\/discern.erasmus.site\/wp-content\/uploads\/2022\/05\/guide-book-150x150.png 150w, https:\/\/discern.erasmus.site\/wp-content\/uploads\/2022\/05\/guide-book-300x300.png 300w, https:\/\/discern.erasmus.site\/wp-content\/uploads\/2022\/05\/guide-book.png 512w\" sizes=\"(max-width: 150px) 100vw, 150px\" \/>\t\t\t\t\t\t\t\t<\/a>\n\t\t\t\t\t\t\t\t\t\t\t\t\t\t\t<\/div>\n\t\t\t\t<\/div>\n\t\t\t\t<div class=\"elementor-element elementor-element-4c6b6ef elementor-widget elementor-widget-text-editor\" data-id=\"4c6b6ef\" data-element_type=\"widget\" data-e-type=\"widget\" data-widget_type=\"text-editor.default\">\n\t\t\t\t<div class=\"elementor-widget-container\">\n\t\t\t\t\t\t\t\t\t<p>PR1. Przewodnik dla organizator\u00f3w kszta\u0142cenia i szkolenia zawodowego w zakresie wspierania gospodarki cyrkulacyjnej<\/p>\t\t\t\t\t\t\t\t<\/div>\n\t\t\t\t<\/div>\n\t\t\t\t\t<\/div>\n\t\t<\/div>\n\t\t\t\t<div class=\"elementor-column elementor-col-33 elementor-top-column elementor-element elementor-element-55894ea\" data-id=\"55894ea\" data-element_type=\"column\" data-e-type=\"column\">\n\t\t\t<div class=\"elementor-widget-wrap elementor-element-populated\">\n\t\t\t\t\t\t<div class=\"elementor-element elementor-element-7df0d45 elementor-widget elementor-widget-image\" data-id=\"7df0d45\" data-element_type=\"widget\" data-e-type=\"widget\" data-widget_type=\"image.default\">\n\t\t\t\t<div class=\"elementor-widget-container\">\n\t\t\t\t\t\t\t\t\t\t\t\t\t\t\t\t<a href=\"https:\/\/discern.erasmus.site\/platform\/tool\" target=\"_blank\">\n\t\t\t\t\t\t\t<img decoding=\"async\" width=\"150\" height=\"150\" src=\"https:\/\/discern.erasmus.site\/wp-content\/uploads\/2022\/05\/technical-support-150x150.png\" class=\"elementor-animation-grow attachment-thumbnail size-thumbnail wp-image-73\" alt=\"\" srcset=\"https:\/\/discern.erasmus.site\/wp-content\/uploads\/2022\/05\/technical-support-150x150.png 150w, https:\/\/discern.erasmus.site\/wp-content\/uploads\/2022\/05\/technical-support-300x300.png 300w, https:\/\/discern.erasmus.site\/wp-content\/uploads\/2022\/05\/technical-support.png 512w\" sizes=\"(max-width: 150px) 100vw, 150px\" \/>\t\t\t\t\t\t\t\t<\/a>\n\t\t\t\t\t\t\t\t\t\t\t\t\t\t\t<\/div>\n\t\t\t\t<\/div>\n\t\t\t\t<div class=\"elementor-element elementor-element-d678d34 elementor-widget elementor-widget-text-editor\" data-id=\"d678d34\" data-element_type=\"widget\" data-e-type=\"widget\" data-widget_type=\"text-editor.default\">\n\t\t\t\t<div class=\"elementor-widget-container\">\n\t\t\t\t\t\t\t\t\t<p>PR2. Narz\u0119dzie weryfikacji umiej\u0119tno\u015bci M\u015aP<\/p>\t\t\t\t\t\t\t\t<\/div>\n\t\t\t\t<\/div>\n\t\t\t\t\t<\/div>\n\t\t<\/div>\n\t\t\t\t<div class=\"elementor-column elementor-col-33 elementor-top-column elementor-element elementor-element-7e711c9\" data-id=\"7e711c9\" data-element_type=\"column\" data-e-type=\"column\">\n\t\t\t<div class=\"elementor-widget-wrap elementor-element-populated\">\n\t\t\t\t\t\t<div class=\"elementor-element elementor-element-044f5b3 elementor-widget elementor-widget-image\" data-id=\"044f5b3\" data-element_type=\"widget\" data-e-type=\"widget\" data-widget_type=\"image.default\">\n\t\t\t\t<div class=\"elementor-widget-container\">\n\t\t\t\t\t\t\t\t\t\t\t\t\t\t\t\t<a href=\"https:\/\/discern.erasmus.site\/platform\/coach\" target=\"_blank\">\n\t\t\t\t\t\t\t<img decoding=\"async\" width=\"150\" height=\"150\" src=\"https:\/\/discern.erasmus.site\/wp-content\/uploads\/2022\/05\/virtual-150x150.png\" class=\"elementor-animation-grow attachment-thumbnail size-thumbnail wp-image-83\" alt=\"\" srcset=\"https:\/\/discern.erasmus.site\/wp-content\/uploads\/2022\/05\/virtual-150x150.png 150w, https:\/\/discern.erasmus.site\/wp-content\/uploads\/2022\/05\/virtual-300x300.png 300w, https:\/\/discern.erasmus.site\/wp-content\/uploads\/2022\/05\/virtual.png 512w\" sizes=\"(max-width: 150px) 100vw, 150px\" \/>\t\t\t\t\t\t\t\t<\/a>\n\t\t\t\t\t\t\t\t\t\t\t\t\t\t\t<\/div>\n\t\t\t\t<\/div>\n\t\t\t\t<div class=\"elementor-element elementor-element-2fec7a0 elementor-widget elementor-widget-text-editor\" data-id=\"2fec7a0\" data-element_type=\"widget\" data-e-type=\"widget\" data-widget_type=\"text-editor.default\">\n\t\t\t\t<div class=\"elementor-widget-container\">\n\t\t\t\t\t\t\t\t\t<p>PR3. Platforma dla M\u015aP<\/p>\t\t\t\t\t\t\t\t<\/div>\n\t\t\t\t<\/div>\n\t\t\t\t\t<\/div>\n\t\t<\/div>\n\t\t\t\t\t<\/div>\n\t\t<\/section>\n\t\t\t\t<section class=\"elementor-section elementor-top-section elementor-element elementor-element-d04f4f7 elementor-section-boxed elementor-section-height-default elementor-section-height-default\" data-id=\"d04f4f7\" data-element_type=\"section\" data-e-type=\"section\">\n\t\t\t\t\t\t<div class=\"elementor-container elementor-column-gap-default\">\n\t\t\t\t\t<div class=\"elementor-column elementor-col-100 elementor-top-column elementor-element elementor-element-a10c470\" data-id=\"a10c470\" data-element_type=\"column\" data-e-type=\"column\">\n\t\t\t<div class=\"elementor-widget-wrap elementor-element-populated\">\n\t\t\t\t\t\t<div class=\"elementor-element elementor-element-b60990a elementor-widget elementor-widget-text-editor\" data-id=\"b60990a\" data-element_type=\"widget\" data-e-type=\"widget\" data-widget_type=\"text-editor.default\">\n\t\t\t\t<div class=\"elementor-widget-container\">\n\t\t\t\t\t\t\t\t\t<p><\/p><p><\/p><p><\/li><\/ol><p><\/p><p>W ramach rezultat\u00f3w, Konsorcjum projektu koncentruje si\u0119 na nast\u0119puj\u0105cych koncepcjach gospodarki o obiegu zamkni\u0119tym, zidentyfikowanych jako najbardziej interesuj\u0105ce dla grupy docelowej:<\/p><ol><li>Zielona transformacja przemys\u0142u -projektowanie produkt\u00f3w<\/li><li>Transformacja sektor\u00f3w zasoboch\u0142onnych &#8211; tworzywa sztuczne<\/li><li>W kierunku bior\u00f3\u017cnorodno\u015bci i ekologicznej<\/li><\/ol><p>ekologicznej transformacji przedsi\u0119biorstw<\/p><ol start=\"4\"><li>Zarz\u0105dzanie prze\u0142omowymi innowacjami w celu monitorowania i optymalizacji gospodarki cyrkularnej<\/li><li>Przemy\u015blenie modelu biznesowego firm pod k\u0105tem zr\u00f3wnowa\u017conego rozwoju &amp; biznes planu<\/li><li>Publiczne i prywatne mo\u017cliwo\u015bci finansowania start-up\u00f3w dla zr\u00f3wnowa\u017conego wzrostu.<\/li><\/ol><p><\/li><\/ol><p><\/li><\/ol>\t\t\t\t\t\t\t\t<\/div>\n\t\t\t\t<\/div>\n\t\t\t\t\t<\/div>\n\t\t<\/div>\n\t\t\t\t\t<\/div>\n\t\t<\/section>\n\t\t\t\t<\/div>\n\t\t","protected":false},"excerpt":{"rendered":"<p>PR1. Przewodnik dla organizator\u00f3w kszta\u0142cenia i szkolenia zawodowego w zakresie wspierania gospodarki cyrkulacyjnej PR2. Narz\u0119dzie weryfikacji umiej\u0119tno\u015bci M\u015aP PR3. Platforma dla M\u015aP W ramach rezultat\u00f3w, Konsorcjum projektu koncentruje si\u0119 na nast\u0119puj\u0105cych koncepcjach gospodarki o obiegu zamkni\u0119tym, zidentyfikowanych jako najbardziej interesuj\u0105ce dla grupy docelowej: Zielona transformacja przemys\u0142u -projektowanie produkt\u00f3w Transformacja sektor\u00f3w zasoboch\u0142onnych &#8211; tworzywa sztuczne W&hellip;&nbsp;<\/p>\n","protected":false},"author":1,"featured_media":0,"parent":0,"menu_order":0,"comment_status":"closed","ping_status":"closed","template":"elementor_theme","meta":{"neve_meta_sidebar":"","neve_meta_container":"","neve_meta_enable_content_width":"off","neve_meta_content_width":100,"neve_meta_title_alignment":"","neve_meta_author_avatar":"","neve_post_elements_order":"","neve_meta_disable_header":"","neve_meta_disable_footer":"","neve_meta_disable_title":"","footnotes":""},"class_list":["post-90","page","type-page","status-publish","hentry"],"_links":{"self":[{"href":"https:\/\/discern.erasmus.site\/pl\/wp-json\/wp\/v2\/pages\/90","targetHints":{"allow":["GET"]}}],"collection":[{"href":"https:\/\/discern.erasmus.site\/pl\/wp-json\/wp\/v2\/pages"}],"about":[{"href":"https:\/\/discern.erasmus.site\/pl\/wp-json\/wp\/v2\/types\/page"}],"author":[{"embeddable":true,"href":"https:\/\/discern.erasmus.site\/pl\/wp-json\/wp\/v2\/users\/1"}],"replies":[{"embeddable":true,"href":"https:\/\/discern.erasmus.site\/pl\/wp-json\/wp\/v2\/comments?post=90"}],"version-history":[{"count":36,"href":"https:\/\/discern.erasmus.site\/pl\/wp-json\/wp\/v2\/pages\/90\/revisions"}],"predecessor-version":[{"id":494,"href":"https:\/\/discern.erasmus.site\/pl\/wp-json\/wp\/v2\/pages\/90\/revisions\/494"}],"wp:attachment":[{"href":"https:\/\/discern.erasmus.site\/pl\/wp-json\/wp\/v2\/media?parent=90"}],"curies":[{"name":"wp","href":"https:\/\/api.w.org\/{rel}","templated":true}]}}