{"id":188,"date":"2022-05-25T19:27:30","date_gmt":"2022-05-25T19:27:30","guid":{"rendered":"https:\/\/discern.erasmus.site\/?page_id=188"},"modified":"2022-09-06T19:50:34","modified_gmt":"2022-09-06T19:50:34","slug":"partnership","status":"publish","type":"page","link":"https:\/\/discern.erasmus.site\/pl\/partnership\/","title":{"rendered":"Partnerzy"},"content":{"rendered":"<p><\/p>\n<h3 style=\"text-align: center;\"><img fetchpriority=\"high\" decoding=\"async\" class=\"size-medium wp-image-173 aligncenter\" src=\"https:\/\/discern.erasmus.site\/wp-content\/uploads\/2022\/05\/ccibn-300x300.png\" alt=\"\" width=\"300\" height=\"300\" srcset=\"https:\/\/discern.erasmus.site\/wp-content\/uploads\/2022\/05\/ccibn.png 300w, https:\/\/discern.erasmus.site\/wp-content\/uploads\/2022\/05\/ccibn-150x150.png 150w\" sizes=\"(max-width: 300px) 100vw, 300px\" \/><br \/>\nCamera de Comert si Industrie Bistrita Nasaud &#8212; Rumunia (CCI BN). \u2013 Koordynator projektu<\/h3>\n<p>Camera de Comert si Industrie Bistrita Nasaud &#8212; Rumunia (CCI BN).<\/p>\n<p>Izba Handlowa i Przemys\u0142owa Bistrita Nasaud (CCI BN) jest niezale\u017cnym, dobrowolnym stowarzyszeniem firm w okr\u0119gu Bistrita Nasaud. Zosta\u0142a za\u0142o\u017cona we wrze\u015bniu 1990 roku i obecnie zrzesza ponad 280 firm cz\u0142onkowskich wszystkich rozmiar\u00f3w i bran\u017c. Firmy cz\u0142onkowskie CCI BN wnosz\u0105 oko\u0142o 80% warto\u015bci dodanej brutto gospodarki Bistrita Nasaud i generuj\u0105 2\/3 sprzeda\u017cy na rynkach zagranicznych. CCIBN jest idealnym lokalnym partnerem dla zagranicznych inwestor\u00f3w i profesjonalist\u00f3w biznesowych zainteresowanych Regionem P\u00f3\u0142nocno-Zachodnim.<\/p>\n<p>W ci\u0105gu 31 lat dzia\u0142alno\u015bci Izba ugruntowa\u0142a swoj\u0105 pozycj\u0119 w krajobrazie gospodarczym powiatu jako instytucja przydatna i niezb\u0119dna w gospodarce rynkowej, aktywnie manifestuj\u0105c swoj\u0105 rol\u0119 w zbli\u017caniu si\u0119 do okresu prze\u0142omowego w celu zwi\u0119kszenia lokalnej odporno\u015bci.<\/p>\n<p>Aby poradzi\u0107 sobie z transformacj\u0105 cyfrow\u0105 i gospodark\u0105 cyrkularn\u0105, CCIBN sta\u0142o si\u0119 za\u0142o\u017cycielem Digital Innovation Hub for Society i cz\u0142onkiem klastra CLEMS, opracowuj\u0105c konkretne dzia\u0142ania dla lokalnej spo\u0142eczno\u015bci biznesowej.<\/p>\n<p>CCI BN zapewnia swoim cz\u0142onkom szerokie portfolio szkole\u0144, wiele program\u00f3w szkoleniowych jest wynikiem r\u00f3\u017cnych konsorcj\u00f3w projektowych. CCIBN zapewnia ekspertyzy techniczne w zakresie planowania strategicznego, gospodarki cyrkularnej, transformacji cyfrowej i innych program\u00f3w szkoleniowych Vadult &amp; VET zgodnie z ustawodawstwem krajowym.<\/p>\n<p>CCI BN prowadzi Centrum Informacji Technicznej i \u015bwiadczy us\u0142ugi OSIM nie tylko na poziomie lokalnym, ale r\u00f3wnie\u017c regionalnym i krajowym.<\/p>\n<p>CCIBN jest zaanga\u017cowane w szeroki zakres projekt\u00f3w na poziomie krajowym, transgranicznym, transnarodowym i unijnym. W ci\u0105gu ostatnich 3 lat CCIBN uczestniczy\u0142o (prowadzi\u0142o) wiele projekt\u00f3w w ramach instrument\u00f3w strukturalnych, Erasmus+, Interreg.<\/p>\n<p>Strona internetowa: <a href=\"http:\/\/www.cciabn.ro\" target=\"_blank\" rel=\"noopener\">www.cciabn.ro<\/a><\/p>\n<hr \/>\n<h3 style=\"text-align: center;\"><img decoding=\"async\" class=\"alignnone wp-image-165 size-medium\" src=\"https:\/\/discern.erasmus.site\/wp-content\/uploads\/2022\/05\/mecb-300x300.png\" alt=\"\" width=\"300\" height=\"300\" srcset=\"https:\/\/discern.erasmus.site\/wp-content\/uploads\/2022\/05\/mecb.png 300w, https:\/\/discern.erasmus.site\/wp-content\/uploads\/2022\/05\/mecb-150x150.png 150w\" sizes=\"(max-width: 300px) 100vw, 300px\" \/><br \/>\nMacdac Engineering Consultancy Bureau Ltd. \u2013 Malta (MECB)<\/h3>\n<p>MECB Ltd jest prywatn\u0105 firm\u0105 z siedzib\u0105 na Malcie, zajmuj\u0105c\u0105 si\u0119 wspieraniem doskona\u0142o\u015bci i innowacji poprzez projekty partnerskie, szkolenia i us\u0142ugi wsparcia technicznego.\u00a0 MECB oferuje klientom, w tym konsorcjom projekt\u00f3w UE, wiedz\u0119 techniczn\u0105 w wielu sektorach, w tym: In\u017cynieria, ICT, eLearning, Sustainability\/Circular Economy, Creativity and Innovation, Industry 4.0, STEM training, jak r\u00f3wnie\u017c adult &amp; VET Learning. Profesjonalny status MECB jest odzwierciedlony w cz\u0142onkostwie w Malta\u0144skiej Izbie Handlowej Przedsi\u0119biorczo\u015bci i Przemys\u0142u, jak r\u00f3wnie\u017c w fakcie, \u017ce zosta\u0142 przyj\u0119ty jako cz\u0142onek Koalicji UE na rzecz Umiej\u0119tno\u015bci Cyfrowych i Zatrudnienia, za wk\u0142ad, jaki regularnie wnosi w rozw\u00f3j i wdra\u017canie technologii cyfrowych w ca\u0142ej Europie.\u00a0\u00a0 23 pracownik\u00f3w MECB ma bezpo\u015brednie do\u015bwiadczenie w uczestniczeniu w wielu projektach i przetargach unijnych, w tym Erasmus+, EEA, LLP Grundtvig, Leonardo da Vinci, FP6\/7 i H2020.<\/p>\n<p>Strona internetowa: <a href=\"http:\/\/www.eumecb.com\" target=\"_blank\" rel=\"noopener\">www.eumecb.com<\/a><\/p>\n<hr \/>\n<h3 style=\"text-align: center;\"><img decoding=\"async\" class=\"alignnone wp-image-169 size-medium\" src=\"https:\/\/discern.erasmus.site\/wp-content\/uploads\/2022\/05\/lousada-300x300.png\" alt=\"\" width=\"300\" height=\"300\" srcset=\"https:\/\/discern.erasmus.site\/wp-content\/uploads\/2022\/05\/lousada.png 300w, https:\/\/discern.erasmus.site\/wp-content\/uploads\/2022\/05\/lousada-150x150.png 150w\" sizes=\"(max-width: 300px) 100vw, 300px\" \/><br \/>\nMunicipio de Lousada&#8211; Portugalia<\/h3>\n<p>Urz\u0105d Miasta Lousada jest instytucj\u0105 lokalnej administracji publicznej. Jej celem jest dbanie o interesy mieszka\u0144c\u00f3w w przestrzeni terytorialnej gminy Lousada. Misj\u0105 gminy jest definiowanie strategii przewodnich i realizacja wynikaj\u0105cych z nich polityk gminnych na rzecz zr\u00f3wnowa\u017conego rozwoju gminy, przyczynianie si\u0119 do wzrostu jej konkurencyjno\u015bci na poziomie lokalnym, regionalnym i krajowym poprzez dzia\u0142ania i programy w r\u00f3\u017cnych obszarach swoich kompetencji, promowanie jako\u015bci \u017cycia mieszka\u0144c\u00f3w i zapewnienie wysokich standard\u00f3w us\u0142ug wysokiej jako\u015bci.<\/p>\n<p>Strona internetowa: <a href=\"http:\/\/www.cm-lousada.pt\" target=\"_blank\" rel=\"noopener\">www.cm-lousada.pt<\/a><\/p>\n<hr \/>\n<h3 style=\"text-align: center;\"><img loading=\"lazy\" decoding=\"async\" class=\"alignnone wp-image-161 size-medium\" src=\"https:\/\/discern.erasmus.site\/wp-content\/uploads\/2022\/05\/rovira-300x300.png\" alt=\"\" width=\"300\" height=\"300\" srcset=\"https:\/\/discern.erasmus.site\/wp-content\/uploads\/2022\/05\/rovira.png 300w, https:\/\/discern.erasmus.site\/wp-content\/uploads\/2022\/05\/rovira-150x150.png 150w\" sizes=\"(max-width: 300px) 100vw, 300px\" \/><br \/>\nUniversitat Rovira i Virgili&#8211; Hiszpania (URV)<\/h3>\n<p>Universitat Rovira i Virgili (URV) to publiczny uniwersytet za\u0142o\u017cony w 1991 roku przez parlament katalo\u0144ski. Po\u0142o\u017cony w po\u0142udniowej Katalonii, rozwin\u0105\u0142 struktur\u0119 wieloo\u015brodkow\u0105 z sze\u015bcioma kampusami. URV sk\u0142ada si\u0119 z 12 Wydzia\u0142\u00f3w i Szk\u00f3\u0142, z 24 Departamentami, posiadaj\u0105cymi prawie 1000 pe\u0142noetatowych pracownik\u00f3w akademickich, kt\u00f3rzy przyjmuj\u0105 rocznie 12.000 student\u00f3w studi\u00f3w licencjackich, 2000 student\u00f3w studi\u00f3w magisterskich i 1000 doktorant\u00f3w (po\u0142owa z nich to pracownicy pe\u0142noetatowi), zatrudniaj\u0105c 640 pracownik\u00f3w administracyjnych i us\u0142ugowych. URV ma dobr\u0105 pozycj\u0119 mi\u0119dzynarodow\u0105 w zakresie bada\u0144, rozwoju i innowacji. Dzi\u0119ki konkurencyjno\u015bci swojej kadry uzyska\u0142 dobre wyniki zar\u00f3wno w ilo\u015bci, jak i jako\u015bci swoich publikacji i zajmuje dobr\u0105 pozycj\u0119 w\u015br\u00f3d najlepszych m\u0142odych uczelni na \u015bwiecie. D\u0142ugotrwa\u0142a wsp\u00f3\u0142praca URV z przemys\u0142em obejmuje zar\u00f3wno badania, jak i programy rozwoju kapita\u0142u ludzkiego, kt\u00f3re s\u0105 odpowiednie do potrzeb przemys\u0142u. Jego model skoncentrowany na przemy\u015ble jest zorientowany na zwi\u0119kszenie zarz\u0105dzania, wydajno\u015bci, konkurencyjno\u015bci i zdolno\u015bci innowacyjnych firm przemys\u0142owych, zar\u00f3wno du\u017cych, jak i ma\u0142ych.<\/p>\n<p>Strona internetowa: <a href=\"https:\/\/www.urv.cat\/en\/\" target=\"_blank\" rel=\"noopener\">www.urv.cat<\/a><\/p>\n<hr \/>\n<h3 style=\"text-align: center;\"><img loading=\"lazy\" decoding=\"async\" class=\"alignnone wp-image-157 size-medium\" src=\"https:\/\/discern.erasmus.site\/wp-content\/uploads\/2022\/05\/mariboru-300x300.png\" alt=\"\" width=\"300\" height=\"300\" srcset=\"https:\/\/discern.erasmus.site\/wp-content\/uploads\/2022\/05\/mariboru.png 300w, https:\/\/discern.erasmus.site\/wp-content\/uploads\/2022\/05\/mariboru-150x150.png 150w\" sizes=\"(max-width: 300px) 100vw, 300px\" \/><br \/>\nUniwersytet w Mariborze &#8211; S\u0142owenia (UM)<\/h3>\n<p>Uniwersytet w Mariborze (UM) jest drugim co do wielko\u015bci i drugim najstarszym uniwersytetem w S\u0142owenii, gdzie na 17 r\u00f3\u017cnych wydzia\u0142ach studiuje oko\u0142o 15 000 student\u00f3w. Jednym z wydzia\u0142\u00f3w jest Wydzia\u0142 Sztuk Pi\u0119knych, gdzie znajduje si\u0119 Mi\u0119dzynarodowe Centrum Ekoremediacji (ERM Center). Wydzia\u0142 Sztuki (www.ff.um.si) oferuje 12 r\u00f3\u017cnych program\u00f3w studi\u00f3w, kt\u00f3re mo\u017cna podzieli\u0107 na trzy g\u0142\u00f3wne pola badawcze: nauki humanistyczne, nauki spo\u0142eczne i nauki o edukacji. ERM Center jest aplikacyjnym centrum badawczym, kt\u00f3re zajmuje si\u0119 zr\u00f3wnowa\u017conym rozwojem regionalnym, zarz\u0105dzaniem zasobami naturalnymi, gospodark\u0105 cyrkularn\u0105, zapobieganiem zanieczyszczeniom i degradacji, \u0142agodzeniem zmian klimatu i adaptacj\u0105, edukacj\u0105 ekologiczn\u0105 i tworzeniem zielonych miejsc pracy. G\u0142\u00f3wnym celem Centrum ERM jest wdra\u017canie zr\u00f3wnowa\u017conych praktyk w celu zwi\u0119kszenia odpowiedzialno\u015bci \u015brodowiskowej i spo\u0142ecznej. W tym celu Centrum ERM z powodzeniem wsp\u00f3\u0142pracuje z przedsi\u0119biorstwami, gminami, agencjami rozwoju, instytucjami edukacyjnymi i innymi partnerami na poziomie krajowym, europejskim i mi\u0119dzykontynentalnym. Cz\u0142onkowie Centrum ERM otrzymali krajowe nagrody za odpowiedzialno\u015b\u0107 spo\u0142eczn\u0105, najlepsze badania i komunikacj\u0119 naukow\u0105, s\u0105 tak\u017ce cz\u0142onkami grup eksperckich przy Ministerstwie Rolnictwa i Ministerstwie Edukacji.<\/p>\n<p>Strona internetowa: <a href=\"http:\/\/www.um.si\" target=\"_blank\" rel=\"noopener\">www.um.si<\/a><\/p>\n<hr \/>\n<h3 style=\"text-align: center;\"><img loading=\"lazy\" decoding=\"async\" class=\"alignnone wp-image-153 size-medium\" src=\"https:\/\/discern.erasmus.site\/wp-content\/uploads\/2022\/05\/danmar-300x300.png\" alt=\"\" width=\"300\" height=\"300\" srcset=\"https:\/\/discern.erasmus.site\/wp-content\/uploads\/2022\/05\/danmar.png 300w, https:\/\/discern.erasmus.site\/wp-content\/uploads\/2022\/05\/danmar-150x150.png 150w\" sizes=\"(max-width: 300px) 100vw, 300px\" \/><br \/>\nDanmar Computers\u2013 Polska (DANMAR)<\/h3>\n<p>Danmar Computers Sp. z o.o. jest prywatn\u0105 firm\u0105 dzia\u0142aj\u0105c\u0105 w obszarze Technologii Informacyjnych, tak\u017ce oferuj\u0105c\u0105 szkolenia zawodowe w tym zakresie. Danmar Computers posiada bogate do\u015bwiadczenie w opracowywaniu nowoczesnych stron internetowych oraz aplikacji mobilnych, wykorzystywanych g\u0142\u00f3wne w celach edukacyjnych. Pracownicy firmy maj\u0105 do\u015bwiadczenie w pracy nad projektami europejskimi, w tym w prowadzeniu bada\u0144 i opracowywaniu materia\u0142\u00f3w szkoleniowych dostosowanych do potrzeb u\u017cytkownik\u00f3w. W przeci\u0105gu 15 lat dzia\u0142alno\u015bci, Danmar Computers uczestniczy\u0142 w realizacji ponad 50 projekt\u00f3w w ramach program\u00f3w Grundtvig, Leonardo da Vinci, Progress i obecnie Erasmus+.<\/p>\n<p>W wielu projektach, firma Danmar Computers odpowiedzialna by\u0142a za opracowanie i koordynowanie strategi\u0105 upowszechniania. Firma jest autorem i dostawc\u0105 systemu do zarz\u0105dzania projektami europejskimi AdminProject (adminproject.eu), cz\u0119sto u\u017cywanym w projektach. Dzia\u0142alno\u015b\u0107 firmy oparta jest na dobrze ugruntowanej sieci wsp\u00f3\u0142pracy z podmiotami krajowymi, w tym organizacjami szkoleniowo-doradczymi, szko\u0142ami, uniwersytetami, instytucjami publicznymi oraz firmami z sektora prywatnego, a tak\u017ce zagranicznymi \u2013 partnerami z r\u00f3\u017cnych kraj\u00f3w UE. Misj\u0105 Danmar Computers jest promocja uczenia si\u0119 przez ca\u0142e \u017cycie i zapewnienie ka\u017cdemu r\u00f3wnego dost\u0119pu do edukacji za pomoc\u0105 nowoczesnych technologii.<\/p>\n<p>Strona internetowa: <a href=\"https:\/\/danmar-computers.com.pl\/en\/\" target=\"_blank\" rel=\"noopener\">www.danmar-computers.com.pl<\/a><\/p>","protected":false},"excerpt":{"rendered":"<p>Camera de Comert si Industrie Bistrita Nasaud &#8212; Rumunia (CCI BN). \u2013 Koordynator projektu Camera de Comert si Industrie Bistrita Nasaud &#8212; Rumunia (CCI BN). Izba Handlowa i Przemys\u0142owa Bistrita Nasaud (CCI BN) jest niezale\u017cnym, dobrowolnym stowarzyszeniem firm w okr\u0119gu Bistrita Nasaud. Zosta\u0142a za\u0142o\u017cona we wrze\u015bniu 1990 roku i obecnie zrzesza ponad 280 firm cz\u0142onkowskich&hellip;&nbsp;<\/p>\n","protected":false},"author":1,"featured_media":0,"parent":0,"menu_order":0,"comment_status":"closed","ping_status":"closed","template":"","meta":{"neve_meta_sidebar":"","neve_meta_container":"","neve_meta_enable_content_width":"off","neve_meta_content_width":100,"neve_meta_title_alignment":"","neve_meta_author_avatar":"","neve_post_elements_order":"","neve_meta_disable_header":"","neve_meta_disable_footer":"","neve_meta_disable_title":"","footnotes":""},"class_list":["post-188","page","type-page","status-publish","hentry"],"_links":{"self":[{"href":"https:\/\/discern.erasmus.site\/pl\/wp-json\/wp\/v2\/pages\/188","targetHints":{"allow":["GET"]}}],"collection":[{"href":"https:\/\/discern.erasmus.site\/pl\/wp-json\/wp\/v2\/pages"}],"about":[{"href":"https:\/\/discern.erasmus.site\/pl\/wp-json\/wp\/v2\/types\/page"}],"author":[{"embeddable":true,"href":"https:\/\/discern.erasmus.site\/pl\/wp-json\/wp\/v2\/users\/1"}],"replies":[{"embeddable":true,"href":"https:\/\/discern.erasmus.site\/pl\/wp-json\/wp\/v2\/comments?post=188"}],"version-history":[{"count":10,"href":"https:\/\/discern.erasmus.site\/pl\/wp-json\/wp\/v2\/pages\/188\/revisions"}],"predecessor-version":[{"id":365,"href":"https:\/\/discern.erasmus.site\/pl\/wp-json\/wp\/v2\/pages\/188\/revisions\/365"}],"wp:attachment":[{"href":"https:\/\/discern.erasmus.site\/pl\/wp-json\/wp\/v2\/media?parent=188"}],"curies":[{"name":"wp","href":"https:\/\/api.w.org\/{rel}","templated":true}]}}