{"id":101,"date":"2022-05-25T18:49:10","date_gmt":"2022-05-25T18:49:10","guid":{"rendered":"https:\/\/discern.erasmus.site\/?page_id=101"},"modified":"2022-09-06T19:53:30","modified_gmt":"2022-09-06T19:53:30","slug":"about-the-project","status":"publish","type":"page","link":"https:\/\/discern.erasmus.site\/pl\/about-the-project\/","title":{"rendered":"O projekcie"},"content":{"rendered":"\t\t<div data-elementor-type=\"wp-page\" data-elementor-id=\"101\" class=\"elementor elementor-101\">\n\t\t\t\t\t\t<section class=\"elementor-section elementor-top-section elementor-element elementor-element-e41f857 elementor-section-height-min-height elementor-section-boxed elementor-section-height-default elementor-section-items-middle\" data-id=\"e41f857\" data-element_type=\"section\" data-e-type=\"section\">\n\t\t\t\t\t\t<div class=\"elementor-container elementor-column-gap-default\">\n\t\t\t\t\t<div class=\"elementor-column elementor-col-50 elementor-top-column elementor-element elementor-element-a25662d\" data-id=\"a25662d\" data-element_type=\"column\" data-e-type=\"column\">\n\t\t\t<div class=\"elementor-widget-wrap elementor-element-populated\">\n\t\t\t\t\t\t<div class=\"elementor-element elementor-element-c3b2c50 elementor-widget elementor-widget-image\" data-id=\"c3b2c50\" data-element_type=\"widget\" data-e-type=\"widget\" data-widget_type=\"image.default\">\n\t\t\t\t<div class=\"elementor-widget-container\">\n\t\t\t\t\t\t\t\t\t\t\t\t\t\t\t<img fetchpriority=\"high\" decoding=\"async\" width=\"1024\" height=\"321\" src=\"https:\/\/discern.erasmus.site\/wp-content\/uploads\/2022\/05\/DISCERN_Logo-1024x321.png\" class=\"elementor-animation-pop attachment-large size-large wp-image-14\" alt=\"\" srcset=\"https:\/\/discern.erasmus.site\/wp-content\/uploads\/2022\/05\/DISCERN_Logo-1024x321.png 1024w, https:\/\/discern.erasmus.site\/wp-content\/uploads\/2022\/05\/DISCERN_Logo-300x94.png 300w, https:\/\/discern.erasmus.site\/wp-content\/uploads\/2022\/05\/DISCERN_Logo-768x241.png 768w, https:\/\/discern.erasmus.site\/wp-content\/uploads\/2022\/05\/DISCERN_Logo-1536x482.png 1536w, https:\/\/discern.erasmus.site\/wp-content\/uploads\/2022\/05\/DISCERN_Logo.png 1840w\" sizes=\"(max-width: 1024px) 100vw, 1024px\" \/>\t\t\t\t\t\t\t\t\t\t\t\t\t\t\t<\/div>\n\t\t\t\t<\/div>\n\t\t\t\t\t<\/div>\n\t\t<\/div>\n\t\t\t\t<div class=\"elementor-column elementor-col-50 elementor-top-column elementor-element elementor-element-0dd3b29\" data-id=\"0dd3b29\" data-element_type=\"column\" data-e-type=\"column\">\n\t\t\t<div class=\"elementor-widget-wrap elementor-element-populated\">\n\t\t\t\t\t\t<div class=\"elementor-element elementor-element-f413506 elementor-widget elementor-widget-text-editor\" data-id=\"f413506\" data-element_type=\"widget\" data-e-type=\"widget\" data-widget_type=\"text-editor.default\">\n\t\t\t\t<div class=\"elementor-widget-container\">\n\t\t\t\t\t\t\t\t\t<p><\/p><p>Wszystkie firmy nale\u017c\u0105ce do UE stoj\u0105 w obliczu bardzo ci\u0119\u017ckiego okresu, nie tylko ze wzgl\u0119du na obci\u0105\u017cenia ekonomiczne, ale r\u00f3wnie\u017c na poziomie reakcji spo\u0142ecznych i \u015brodowiskowych. Najwa\u017cniejszy problem zwi\u0105zany jest z zasobami i sposobem, w jaki mog\u0105 one zapewni\u0107 w\u0142a\u015bciwe zarz\u0105dzanie w ca\u0142ym \u0142a\u0144cuchu warto\u015bci. Istnieje wyra\u017ana potrzeba, aby nasze firmy robi\u0142y wi\u0119cej i lepiej przy mniejszej ilo\u015bci zasob\u00f3w, maj\u0105c na celu nie tylko rozw\u00f3j gospodarczy, ale tak\u017ce dobrobyt ludzi i zmniejszenie zanieczyszcze\u0144 we wszystkich \u0142a\u0144cuchach warto\u015bci. O ile du\u017ce przedsi\u0119biorstwo nie ma z tym problemu, to ma\u0142e firmy nie s\u0105 w stanie tego zrobi\u0107 bez odpowiedniego szkolenia i tak powsta\u0142 pomys\u0142 tego projektu.<\/p><p>Projekt DISCERN skierowany jest do instytucji VET i ma na celu opracowanie ram kompetencji, kt\u00f3re b\u0119d\u0105 koncentrowa\u0107 si\u0119 na tematach gospodarki cyrkularnej, zmianach klimatu i zr\u00f3wnowa\u017conego rozwoju, b\u0119d\u0105 uwzgl\u0119dnia\u0107 r\u00f3wnie\u017c cyfrow\u0105 transformacj\u0119 ca\u0142ego \u015brodowiska gospodarczo-spo\u0142ecznego UE. Ramy te b\u0119d\u0105 podstaw\u0105 do opracowania tre\u015bci szkoleniowych i stworzenia kursu online w celu wyposa\u017cenia, ale tak\u017ce dostarczenia wskaz\u00f3wek i dost\u0119pnej wiedzy, umiej\u0119tno\u015bci i postaw Trener\u00f3w VET i menad\u017cer\u00f3w organizacji VET w odpowiednich obszarach.<\/p><p>Konsorcjum DISCERN zosta\u0142o zbudowane w oparciu o zasad\u0119 komplementarno\u015bci umiej\u0119tno\u015bci i do\u015bwiadcze\u0144 wok\u00f3\u0142 g\u0142\u00f3wnego celu projektu. Wszystkie rezultaty projektu b\u0119d\u0105 dost\u0119pne jako Otwarte Zasoby Edukacyjne w j\u0119zykach partnerstwa tak\u017ce w j\u0119zyku angielskim.<\/p>\t\t\t\t\t\t\t\t<\/div>\n\t\t\t\t<\/div>\n\t\t\t\t\t<\/div>\n\t\t<\/div>\n\t\t\t\t\t<\/div>\n\t\t<\/section>\n\t\t\t\t<\/div>\n\t\t","protected":false},"excerpt":{"rendered":"<p>Wszystkie firmy nale\u017c\u0105ce do UE stoj\u0105 w obliczu bardzo ci\u0119\u017ckiego okresu, nie tylko ze wzgl\u0119du na obci\u0105\u017cenia ekonomiczne, ale r\u00f3wnie\u017c na poziomie reakcji spo\u0142ecznych i \u015brodowiskowych. Najwa\u017cniejszy problem zwi\u0105zany jest z zasobami i sposobem, w jaki mog\u0105 one zapewni\u0107 w\u0142a\u015bciwe zarz\u0105dzanie w ca\u0142ym \u0142a\u0144cuchu warto\u015bci. Istnieje wyra\u017ana potrzeba, aby nasze firmy robi\u0142y wi\u0119cej i lepiej&hellip;&nbsp;<\/p>\n","protected":false},"author":1,"featured_media":0,"parent":0,"menu_order":0,"comment_status":"closed","ping_status":"closed","template":"elementor_theme","meta":{"neve_meta_sidebar":"","neve_meta_container":"","neve_meta_enable_content_width":"off","neve_meta_content_width":100,"neve_meta_title_alignment":"","neve_meta_author_avatar":"","neve_post_elements_order":"","neve_meta_disable_header":"","neve_meta_disable_footer":"","neve_meta_disable_title":"","footnotes":""},"class_list":["post-101","page","type-page","status-publish","hentry"],"_links":{"self":[{"href":"https:\/\/discern.erasmus.site\/pl\/wp-json\/wp\/v2\/pages\/101","targetHints":{"allow":["GET"]}}],"collection":[{"href":"https:\/\/discern.erasmus.site\/pl\/wp-json\/wp\/v2\/pages"}],"about":[{"href":"https:\/\/discern.erasmus.site\/pl\/wp-json\/wp\/v2\/types\/page"}],"author":[{"embeddable":true,"href":"https:\/\/discern.erasmus.site\/pl\/wp-json\/wp\/v2\/users\/1"}],"replies":[{"embeddable":true,"href":"https:\/\/discern.erasmus.site\/pl\/wp-json\/wp\/v2\/comments?post=101"}],"version-history":[{"count":30,"href":"https:\/\/discern.erasmus.site\/pl\/wp-json\/wp\/v2\/pages\/101\/revisions"}],"predecessor-version":[{"id":373,"href":"https:\/\/discern.erasmus.site\/pl\/wp-json\/wp\/v2\/pages\/101\/revisions\/373"}],"wp:attachment":[{"href":"https:\/\/discern.erasmus.site\/pl\/wp-json\/wp\/v2\/media?parent=101"}],"curies":[{"name":"wp","href":"https:\/\/api.w.org\/{rel}","templated":true}]}}