{"id":188,"date":"2022-05-25T19:27:30","date_gmt":"2022-05-25T19:27:30","guid":{"rendered":"https:\/\/discern.erasmus.site\/?page_id=188"},"modified":"2022-09-06T19:50:34","modified_gmt":"2022-09-06T19:50:34","slug":"partnership","status":"publish","type":"page","link":"https:\/\/discern.erasmus.site\/es\/partnership\/","title":{"rendered":"Socios"},"content":{"rendered":"<p><\/p>\n<h3 style=\"text-align: center;\"><img fetchpriority=\"high\" decoding=\"async\" class=\"size-medium wp-image-173 aligncenter\" src=\"https:\/\/discern.erasmus.site\/wp-content\/uploads\/2022\/05\/ccibn-300x300.png\" alt=\"\" width=\"300\" height=\"300\" srcset=\"https:\/\/discern.erasmus.site\/wp-content\/uploads\/2022\/05\/ccibn.png 300w, https:\/\/discern.erasmus.site\/wp-content\/uploads\/2022\/05\/ccibn-150x150.png 150w\" sizes=\"(max-width: 300px) 100vw, 300px\" \/><br \/>\nCamera de Comert si Industrie Bistrita Nasaud &#8212; Ruman\u00eda (CCI BN). \u2013 Coordinador del proyecto<\/h3>\n<p>La C\u00e1mara de Comercio e Industria de Bistrita Nasaud (CCI BN) es una asociaci\u00f3n de empresas independiente, voluntaria y sin fines de lucro en el condado de Bistrita Nasaud. Fue fundada en septiembre de 1990 y actualmente cuenta con m\u00e1s de 280 empresas asociadas de todos los tama\u00f1os y ramas. Las empresas miembros de CCI BN aportan alrededor del 80% del valor a\u00f1adido bruto de la econom\u00eda de Bistrita Nasaud y generan 2\/3 de las ventas en los mercados extranjeros. El CCIBN es el socio local ideal para inversores extranjeros y profesionales de negocios interesados \u200b\u200ben la Regi\u00f3n Noroeste.<\/p>\n<p>En sus 31 a\u00f1os de actividad, la C\u00e1mara ha consolidado su posici\u00f3n en el panorama econ\u00f3mico del condado como una instituci\u00f3n \u00fatil y necesaria de la econom\u00eda de mercado, manifestando activamente su papel l\u00edder en el abordaje del per\u00edodo disruptivo para aumentar la resiliencia local.<\/p>\n<p>Para hacer frente a la transformaci\u00f3n digital y la econom\u00eda circular, CCIBN se convirti\u00f3 en fundador del Digital Innovation Hub for Society y miembro de CLEMS Cluster desarrollando acciones espec\u00edficas para la comunidad empresarial local.<\/p>\n<p>CCI BN ofrece a sus miembros una amplia cartera de formaci\u00f3n, siendo muchos de los programas de formaci\u00f3n el resultado de diferentes proyectos. CCIBN proporciona experiencia t\u00e9cnica en planificaci\u00f3n estrat\u00e9gica, econom\u00eda circular, transformaci\u00f3n digital y otros programas de formaci\u00f3n de adultos y FP de acuerdo con la legislaci\u00f3n nacional.<\/p>\n<p>CCI BN alberga un Centro de Informaci\u00f3n T\u00e9cnica y brinda servicios OSIM no solo locales sino tambi\u00e9n regionales y nacionales.<\/p>\n<p>CCIBN participa en una amplia gama de proyectos a nivel nacional, transfronterizo, transnacional y de la UE. En Durante los \u00faltimos 3 a\u00f1os, CCIBN ha participado (liderando) muchos proyectos como Erasmus+, Interreg.<\/p>\n<p>P\u00e1gina web: <a href=\"http:\/\/www.cciabn.ro\" target=\"_blank\" rel=\"noopener\">www.cciabn.ro<\/a><\/p>\n<hr \/>\n<h3 style=\"text-align: center;\"><img decoding=\"async\" class=\"alignnone wp-image-165 size-medium\" src=\"https:\/\/discern.erasmus.site\/wp-content\/uploads\/2022\/05\/mecb-300x300.png\" alt=\"\" width=\"300\" height=\"300\" srcset=\"https:\/\/discern.erasmus.site\/wp-content\/uploads\/2022\/05\/mecb.png 300w, https:\/\/discern.erasmus.site\/wp-content\/uploads\/2022\/05\/mecb-150x150.png 150w\" sizes=\"(max-width: 300px) 100vw, 300px\" \/><br \/>\nMacdac Engineering Consultancy Bureau Ltd. \u2013 Malta (MECB)<\/h3>\n<p>MECB Ltd es una empresa privada con sede en Malta, dedicada a impulsar la excelencia y el apoyo a la innovaci\u00f3n a trav\u00e9s de proyectos de asociaci\u00f3n, capacitaci\u00f3n y servicios de soporte t\u00e9cnico. MECB ofrece a sus clientes, que incluyen consorcios de proyectos de la UE, experiencia t\u00e9cnica en una variedad de sectores que incluyen: ingenier\u00eda, TIC, e-learning, sostenibilidad\/econom\u00eda circular, creatividad e innovaci\u00f3n, industria 4.0, capacitaci\u00f3n STEM, as\u00ed como formaci\u00f3n de adultos y FP. El estado profesional de MECB se refleja en su membres\u00eda a la C\u00e1mara de Comercio e Industria de Malta, as\u00ed como en el hecho de que ha sido aceptado como miembro de la Coalici\u00f3n de Empleos y Habilidades Digitales de la UE, por las contribuciones que hace regularmente al desarrollo y uso de tecnolog\u00edas digitales en toda Europa. Los 23 miembros del personal de MECB tienen experiencia directa en la participaci\u00f3n en una variedad de proyectos y licitaciones de la UE, incluidos Erasmus+, EEA, LLP Grundtvig, Leonardo da Vinci, FP6\/7 y H2020.<\/p>\n<p>P\u00e1gina web: <a href=\"http:\/\/www.eumecb.com\" target=\"_blank\" rel=\"noopener\">www.eumecb.com<\/a><\/p>\n<hr \/>\n<h3 style=\"text-align: center;\"><img decoding=\"async\" class=\"alignnone wp-image-169 size-medium\" src=\"https:\/\/discern.erasmus.site\/wp-content\/uploads\/2022\/05\/lousada-300x300.png\" alt=\"\" width=\"300\" height=\"300\" srcset=\"https:\/\/discern.erasmus.site\/wp-content\/uploads\/2022\/05\/lousada.png 300w, https:\/\/discern.erasmus.site\/wp-content\/uploads\/2022\/05\/lousada-150x150.png 150w\" sizes=\"(max-width: 300px) 100vw, 300px\" \/><br \/>\nMunicipio de Lousada&#8211; Portugal<\/h3>\n<p>El Municipio de Lousada es una instituci\u00f3n de la administraci\u00f3n p\u00fablica local. Tiene por objeto promover los intereses de la poblaci\u00f3n en el espacio territorial del Ayuntamiento de Lousada. El Municipio tiene como misi\u00f3n definir las estrategias rectoras y ejecutar las pol\u00edticas municipales resultantes hacia el desarrollo sostenible del municipio, contribuyendo al aumento de la competitividad del mismo, a nivel local, regional y nacional, a trav\u00e9s de medidas y programas en las diversas \u00e1reas de su competencia, promoviendo la calidad de vida de sus ciudadanos y asegurando altos est\u00e1ndares de calidad en los servicios.<\/p>\n<p>P\u00e1gina web: <a href=\"http:\/\/www.cm-lousada.pt\" target=\"_blank\" rel=\"noopener\">www.cm-lousada.pt<\/a><\/p>\n<hr \/>\n<h3 style=\"text-align: center;\"><img loading=\"lazy\" decoding=\"async\" class=\"alignnone wp-image-161 size-medium\" src=\"https:\/\/discern.erasmus.site\/wp-content\/uploads\/2022\/05\/rovira-300x300.png\" alt=\"\" width=\"300\" height=\"300\" srcset=\"https:\/\/discern.erasmus.site\/wp-content\/uploads\/2022\/05\/rovira.png 300w, https:\/\/discern.erasmus.site\/wp-content\/uploads\/2022\/05\/rovira-150x150.png 150w\" sizes=\"(max-width: 300px) 100vw, 300px\" \/><br \/>\nUniversitat Rovira i Virgili &#8212; Espa\u00f1a (URV)<\/h3>\n<p>La Universitat Rovira i Virgili (URV) es una universidad p\u00fablica creada en 1991 por el parlamento catal\u00e1n. Situada al sur de Catalu\u00f1a, ha desarrollado una estructura multic\u00e9ntrica con seis campus. La URV est\u00e1 formada por 12 Facultades y Escuelas, 24 Departamentos, con cerca de 1.000 profesores a tiempo completo que acogen anualmente a 12.000 estudiantes de grado, 2.000 estudiantes de m\u00e1ster y 1.000 doctorandos y emplea a 640 administrativos y personal de servicios. La URV est\u00e1 bien posicionada internacionalmente en t\u00e9rminos de investigaci\u00f3n, desarrollo e innovaci\u00f3n. Gracias a la competitividad de su plantilla ha obtenido buenos resultados tanto en la cantidad como en la calidad de sus publicaciones y se ha posicionado bien entre las mejores universidades j\u00f3venes del mundo. La relaci\u00f3n de cooperaci\u00f3n a largo plazo de la URV con la industria incorpora programas de desarrollo de capital humano y de investigaci\u00f3n que son relevantes para las necesidades de la industria y la sociedad. Su modelo centrado en la industria est\u00e1 orientado a aumentar la gesti\u00f3n, la productividad, la competitividad y la capacidad innovadora de las empresas, tanto grandes como peque\u00f1as.<\/p>\n<p>P\u00e1gina web: <a href=\"https:\/\/www.urv.cat\/en\/\" target=\"_blank\" rel=\"noopener\">www.urv.cat<\/a><\/p>\n<hr \/>\n<h3 style=\"text-align: center;\"><img loading=\"lazy\" decoding=\"async\" class=\"alignnone wp-image-157 size-medium\" src=\"https:\/\/discern.erasmus.site\/wp-content\/uploads\/2022\/05\/mariboru-300x300.png\" alt=\"\" width=\"300\" height=\"300\" srcset=\"https:\/\/discern.erasmus.site\/wp-content\/uploads\/2022\/05\/mariboru.png 300w, https:\/\/discern.erasmus.site\/wp-content\/uploads\/2022\/05\/mariboru-150x150.png 150w\" sizes=\"(max-width: 300px) 100vw, 300px\" \/><br \/>\nUniversity of Maribor \u2013Eslovenia (UM)<\/h3>\n<p>La Universidad de Maribor (UM) es la segunda universidad m\u00e1s grande y la segunda m\u00e1s antigua de Eslovenia, donde estudian aproximadamente 15.000 estudiantes en 17 facultades diferentes. Una de las facultades es la Facultad de artes, donde se encuentra el Centro Internacional de Ecorremediaci\u00f3n (Centro ERM). La Facultad de Artes (www.ff.um.si) ofrece 12 programas de estudio diferentes que se pueden dividir en tres campos principales de investigaci\u00f3n: humanidades, ciencias sociales y ciencias de la educaci\u00f3n. ERM Center es un centro de investigaci\u00f3n aplicada, que se ocupa del desarrollo regional sostenible, la gesti\u00f3n de los recursos naturales, la econom\u00eda circular, la prevenci\u00f3n de la contaminaci\u00f3n y la degradaci\u00f3n, la mitigaci\u00f3n y adaptaci\u00f3n al cambio clim\u00e1tico, la educaci\u00f3n ambiental y la creaci\u00f3n de empleos verdes. El objetivo principal del Centro ERM es la implementaci\u00f3n de pr\u00e1cticas sostenibles para aumentar la responsabilidad ambiental y social. Al hacerlo, el Centro ERM colabora con \u00e9xito con empresas, municipios, agencias de desarrollo, instituciones educativas y otros socios a nivel nacional, europeo e intercontinental. Los miembros del Centro ERM han recibido premios nacionales por responsabilidad social, mejor investigaci\u00f3n y comunicaci\u00f3n cient\u00edfica y tambi\u00e9n son miembros de grupos de expertos en el Ministerio de Agricultura y el Ministerio de Educaci\u00f3n.<\/p>\n<p>P\u00e1gina web: <a href=\"http:\/\/www.um.si\" target=\"_blank\" rel=\"noopener\">www.um.si<\/a><\/p>\n<hr \/>\n<h3 style=\"text-align: center;\"><img loading=\"lazy\" decoding=\"async\" class=\"alignnone wp-image-153 size-medium\" src=\"https:\/\/discern.erasmus.site\/wp-content\/uploads\/2022\/05\/danmar-300x300.png\" alt=\"\" width=\"300\" height=\"300\" srcset=\"https:\/\/discern.erasmus.site\/wp-content\/uploads\/2022\/05\/danmar.png 300w, https:\/\/discern.erasmus.site\/wp-content\/uploads\/2022\/05\/danmar-150x150.png 150w\" sizes=\"(max-width: 300px) 100vw, 300px\" \/><br \/>\nDanmar Computers\u2013 Polonia (DANMAR)<\/h3>\n<p>Danmar Computers LLC es una empresa privada que opera en el campo de la tecnolog\u00eda de la informaci\u00f3n y brinda capacitaci\u00f3n vocacional en este campo. Danmar tiene una amplia experiencia en el desarrollo de aplicaciones web y m\u00f3viles modernas que se utilizan con fines educativos. Danmar tambi\u00e9n tiene una larga experiencia en la realizaci\u00f3n de proyectos europeos en los que el personal de I+D de la empresa lleva a cabo investigaciones y prepara formaciones adaptadas a las necesidades de los distintos alumnos. Durante 15 a\u00f1os, Danmar ha implementado con \u00e9xito m\u00e1s de 50 proyectos dentro de Grundtvig, Leonardo da Vinci, Progress y recientemente Erasmus+.<\/p>\n<p>En muchos de estos proyectos, Danmar ha sido el responsable de dise\u00f1ar y coordinar las estrategias de difusi\u00f3n. Danmar Computers es el desarrollador y proveedor de AdminProject, un sistema en l\u00ednea para la gesti\u00f3n de proyectos europeos. Todas las actividades de la empresa se basan en una red de cooperaci\u00f3n amplia y bien establecida, tanto a nivel nacional como internacional. Las redes nacionales incluyen instituciones de formaci\u00f3n y asesoramiento, universidades, escuelas, organizaciones no gubernamentales y empresas del sector privado. La red internacional incluye socios de varios perfiles provenientes de todos los pa\u00edses de la Uni\u00f3n Europea. La misi\u00f3n de Danmar Computer es la promoci\u00f3n de la educaci\u00f3n permanente y la garant\u00eda de la igualdad de acceso a la educaci\u00f3n para todos con el uso de tecnolog\u00eda moderna.<\/p>\n<p>P\u00e1gina web: <a href=\"https:\/\/danmar-computers.com.pl\/en\/\" target=\"_blank\" rel=\"noopener\">www.danmar-computers.com.pl<\/a><\/p>","protected":false},"excerpt":{"rendered":"<p>Camera de Comert si Industrie Bistrita Nasaud &#8212; Ruman\u00eda (CCI BN). \u2013 Coordinador del proyecto La C\u00e1mara de Comercio e Industria de Bistrita Nasaud (CCI BN) es una asociaci\u00f3n de empresas independiente, voluntaria y sin fines de lucro en el condado de Bistrita Nasaud. Fue fundada en septiembre de 1990 y actualmente cuenta con m\u00e1s&hellip;&nbsp;<\/p>\n","protected":false},"author":1,"featured_media":0,"parent":0,"menu_order":0,"comment_status":"closed","ping_status":"closed","template":"","meta":{"neve_meta_sidebar":"","neve_meta_container":"","neve_meta_enable_content_width":"off","neve_meta_content_width":100,"neve_meta_title_alignment":"","neve_meta_author_avatar":"","neve_post_elements_order":"","neve_meta_disable_header":"","neve_meta_disable_footer":"","neve_meta_disable_title":"","footnotes":""},"class_list":["post-188","page","type-page","status-publish","hentry"],"_links":{"self":[{"href":"https:\/\/discern.erasmus.site\/es\/wp-json\/wp\/v2\/pages\/188","targetHints":{"allow":["GET"]}}],"collection":[{"href":"https:\/\/discern.erasmus.site\/es\/wp-json\/wp\/v2\/pages"}],"about":[{"href":"https:\/\/discern.erasmus.site\/es\/wp-json\/wp\/v2\/types\/page"}],"author":[{"embeddable":true,"href":"https:\/\/discern.erasmus.site\/es\/wp-json\/wp\/v2\/users\/1"}],"replies":[{"embeddable":true,"href":"https:\/\/discern.erasmus.site\/es\/wp-json\/wp\/v2\/comments?post=188"}],"version-history":[{"count":10,"href":"https:\/\/discern.erasmus.site\/es\/wp-json\/wp\/v2\/pages\/188\/revisions"}],"predecessor-version":[{"id":365,"href":"https:\/\/discern.erasmus.site\/es\/wp-json\/wp\/v2\/pages\/188\/revisions\/365"}],"wp:attachment":[{"href":"https:\/\/discern.erasmus.site\/es\/wp-json\/wp\/v2\/media?parent=188"}],"curies":[{"name":"wp","href":"https:\/\/api.w.org\/{rel}","templated":true}]}}