{"id":101,"date":"2022-05-25T18:49:10","date_gmt":"2022-05-25T18:49:10","guid":{"rendered":"https:\/\/discern.erasmus.site\/?page_id=101"},"modified":"2022-09-06T19:53:30","modified_gmt":"2022-09-06T19:53:30","slug":"about-the-project","status":"publish","type":"page","link":"https:\/\/discern.erasmus.site\/es\/about-the-project\/","title":{"rendered":"Sobre el proyecto"},"content":{"rendered":"\t\t<div data-elementor-type=\"wp-page\" data-elementor-id=\"101\" class=\"elementor elementor-101\">\n\t\t\t\t\t\t<section class=\"elementor-section elementor-top-section elementor-element elementor-element-e41f857 elementor-section-height-min-height elementor-section-boxed elementor-section-height-default elementor-section-items-middle\" data-id=\"e41f857\" data-element_type=\"section\" data-e-type=\"section\">\n\t\t\t\t\t\t<div class=\"elementor-container elementor-column-gap-default\">\n\t\t\t\t\t<div class=\"elementor-column elementor-col-50 elementor-top-column elementor-element elementor-element-a25662d\" data-id=\"a25662d\" data-element_type=\"column\" data-e-type=\"column\">\n\t\t\t<div class=\"elementor-widget-wrap elementor-element-populated\">\n\t\t\t\t\t\t<div class=\"elementor-element elementor-element-c3b2c50 elementor-widget elementor-widget-image\" data-id=\"c3b2c50\" data-element_type=\"widget\" data-e-type=\"widget\" data-widget_type=\"image.default\">\n\t\t\t\t<div class=\"elementor-widget-container\">\n\t\t\t\t\t\t\t\t\t\t\t\t\t\t\t<img fetchpriority=\"high\" decoding=\"async\" width=\"1024\" height=\"321\" src=\"https:\/\/discern.erasmus.site\/wp-content\/uploads\/2022\/05\/DISCERN_Logo-1024x321.png\" class=\"elementor-animation-pop attachment-large size-large wp-image-14\" alt=\"\" srcset=\"https:\/\/discern.erasmus.site\/wp-content\/uploads\/2022\/05\/DISCERN_Logo-1024x321.png 1024w, https:\/\/discern.erasmus.site\/wp-content\/uploads\/2022\/05\/DISCERN_Logo-300x94.png 300w, https:\/\/discern.erasmus.site\/wp-content\/uploads\/2022\/05\/DISCERN_Logo-768x241.png 768w, https:\/\/discern.erasmus.site\/wp-content\/uploads\/2022\/05\/DISCERN_Logo-1536x482.png 1536w, https:\/\/discern.erasmus.site\/wp-content\/uploads\/2022\/05\/DISCERN_Logo.png 1840w\" sizes=\"(max-width: 1024px) 100vw, 1024px\" \/>\t\t\t\t\t\t\t\t\t\t\t\t\t\t\t<\/div>\n\t\t\t\t<\/div>\n\t\t\t\t\t<\/div>\n\t\t<\/div>\n\t\t\t\t<div class=\"elementor-column elementor-col-50 elementor-top-column elementor-element elementor-element-0dd3b29\" data-id=\"0dd3b29\" data-element_type=\"column\" data-e-type=\"column\">\n\t\t\t<div class=\"elementor-widget-wrap elementor-element-populated\">\n\t\t\t\t\t\t<div class=\"elementor-element elementor-element-f413506 elementor-widget elementor-widget-text-editor\" data-id=\"f413506\" data-element_type=\"widget\" data-e-type=\"widget\" data-widget_type=\"text-editor.default\">\n\t\t\t\t<div class=\"elementor-widget-container\">\n\t\t\t\t\t\t\t\t\t<p><\/p><p>Todas las empresas de la UE se enfrentan a un complejo periodo como resultado no solo de la carga econ\u00f3mica, sino tambi\u00e9n a nivel social y ambiental. El problema m\u00e1s importante est\u00e1 relacionado con los recursos y en c\u00f3mo se puede garantizar una gesti\u00f3n adecuada durante toda su cadena de valor. Existe una clara necesidad de que nuestras empresas hagan m\u00e1s y mejor con menos recursos a lo largo de toda la cadena de valor apuntando no solo al desarrollo econ\u00f3mico sino tambi\u00e9n al bienestar humano y a la disminuci\u00f3n de la contaminaci\u00f3n. Si las empresas grandes tienen menos problemas en hacerlo, los start-uppers y empresas peque\u00f1as no podr\u00e1n lograrlo sin una formaci\u00f3n adecuada, de este modo surgi\u00f3 la idea de este proyecto.<\/p><p>El proyecto DISCERN est\u00e1 dirigido a las instituciones de FP para desarrollar un marco de competencias que se concentre en temas de econom\u00eda circular, cambio clim\u00e1tico y desarrollo sostenible, teniendo en cuenta la transformaci\u00f3n digital en el entorno social y econ\u00f3mico de la UE. Otro grupo que se beneficiar\u00e1 de los resultados del proyecto son las Pymes, las empresas emergentes y los emprendedores. De este modo, se les proporcionar\u00e1n materiales y orientaciones que sustenten su actividad profesional de conformidad con las estrategias de desarrollo sostenible y respetando los nuevos postulados de la UE sobre transici\u00f3n ecol\u00f3gica en un mundo digital.<\/p><p>El consorcio DISCERN se ha construido sobre la base del principio de complementariedad de habilidades y experiencia en torno al objetivo principal del proyecto. Todos los resultados del proyecto estar\u00e1n disponibles como recursos educativos abiertos en los idiomas de la asociaci\u00f3n, adem\u00e1s del ingl\u00e9s.<\/p>\t\t\t\t\t\t\t\t<\/div>\n\t\t\t\t<\/div>\n\t\t\t\t\t<\/div>\n\t\t<\/div>\n\t\t\t\t\t<\/div>\n\t\t<\/section>\n\t\t\t\t<\/div>\n\t\t","protected":false},"excerpt":{"rendered":"<p>Todas las empresas de la UE se enfrentan a un complejo periodo como resultado no solo de la carga econ\u00f3mica, sino tambi\u00e9n a nivel social y ambiental. El problema m\u00e1s importante est\u00e1 relacionado con los recursos y en c\u00f3mo se puede garantizar una gesti\u00f3n adecuada durante toda su cadena de valor. Existe una clara necesidad&hellip;&nbsp;<\/p>\n","protected":false},"author":1,"featured_media":0,"parent":0,"menu_order":0,"comment_status":"closed","ping_status":"closed","template":"elementor_theme","meta":{"neve_meta_sidebar":"","neve_meta_container":"","neve_meta_enable_content_width":"off","neve_meta_content_width":100,"neve_meta_title_alignment":"","neve_meta_author_avatar":"","neve_post_elements_order":"","neve_meta_disable_header":"","neve_meta_disable_footer":"","neve_meta_disable_title":"","footnotes":""},"class_list":["post-101","page","type-page","status-publish","hentry"],"_links":{"self":[{"href":"https:\/\/discern.erasmus.site\/es\/wp-json\/wp\/v2\/pages\/101","targetHints":{"allow":["GET"]}}],"collection":[{"href":"https:\/\/discern.erasmus.site\/es\/wp-json\/wp\/v2\/pages"}],"about":[{"href":"https:\/\/discern.erasmus.site\/es\/wp-json\/wp\/v2\/types\/page"}],"author":[{"embeddable":true,"href":"https:\/\/discern.erasmus.site\/es\/wp-json\/wp\/v2\/users\/1"}],"replies":[{"embeddable":true,"href":"https:\/\/discern.erasmus.site\/es\/wp-json\/wp\/v2\/comments?post=101"}],"version-history":[{"count":30,"href":"https:\/\/discern.erasmus.site\/es\/wp-json\/wp\/v2\/pages\/101\/revisions"}],"predecessor-version":[{"id":373,"href":"https:\/\/discern.erasmus.site\/es\/wp-json\/wp\/v2\/pages\/101\/revisions\/373"}],"wp:attachment":[{"href":"https:\/\/discern.erasmus.site\/es\/wp-json\/wp\/v2\/media?parent=101"}],"curies":[{"name":"wp","href":"https:\/\/api.w.org\/{rel}","templated":true}]}}